{"id":246,"date":"2025-06-05T09:46:25","date_gmt":"2025-06-05T07:46:25","guid":{"rendered":"http:\/\/santaeulaliaperfumes.eulaliadom.local\/producto\/perfume-aprilis\/"},"modified":"2025-08-07T19:10:03","modified_gmt":"2025-08-07T17:10:03","slug":"perfume-aprilis","status":"publish","type":"product","link":"https:\/\/www.santaeulaliaperfumes.com\/es\/producto\/perfume-aprilis\/","title":{"rendered":"Aprilis, <span class=\"title-detail\">eau de parfum<\/span>"},"content":{"rendered":"<ul>\n<li aria-level=\"1\">Para una fijaci\u00f3n \u00f3ptima, aplique el perfume sobre la piel reci\u00e9n limpia e hidratada con productos sin fragancia. La hidrataci\u00f3n mejora la retenci\u00f3n de las notas olfativas.<\/li>\n<li aria-level=\"1\">Pulverice en los puntos de pulso, mu\u00f1ecas, cuello, detr\u00e1s de las orejas y parte interna de los codos, donde el calor corporal favorece la difusi\u00f3n progresiva de la fragancia.<\/li>\n<li aria-level=\"1\">No frote las zonas perfumadas, ya que esto puede alterar la estructura molecular del perfume y modificar su evoluci\u00f3n olfativa.<\/li>\n<li aria-level=\"1\">Mantenga el frasco a unos 15\u201320 cm de la piel para una distribuci\u00f3n uniforme y elegante.<\/li>\n<li aria-level=\"1\">Puede aplicarse sobre tejidos con precauci\u00f3n, evitando materiales delicados como la seda o colores claros.\u00a0 Debido a su alta concentraci\u00f3n, el perfume podr\u00eda manchar la prenda<\/li>\n<li aria-level=\"1\">Guarde el frasco en un lugar fresco, seco y alejado de la luz directa. La exposici\u00f3n al calor o la humedad puede comprometer la calidad de la fragancia<\/li>\n<\/ul>\n","protected":false},"excerpt":{"rendered":"<p>Aprilis, <i>eau de parfum<\/i>, un mar de rosas. Un paseo por Barcelona el d\u00eda de Sant Jordi, el 23 de abril, cuando la ciudad se llena de vida bajo un cielo de rosas y las calles se visten de libros en homenaje al amor y a la cultura. Un radiante ramo de rosas, celebrando la primavera en su m\u00e1ximo esplendor.<\/p>\n<p>La fragancia en sus notas de salida combina pimienta rosa y pera jugosa, evocando el roc\u00edo matinal sobre los p\u00e9talos. En el coraz\u00f3n, un <i>bouquet<\/i> de rosas, muguet y clavel florece con elegancia luminosa. El fondo, con almizcle aterciopelado, madera de cedro y \u00e1mbar gris, aporta calidez y profundidad, creando un equilibrio entre lo femenino y lo masculino.<\/p>\n<p>Aprilis, \u201cabril\u201d en lat\u00edn, es una fragancia floral, rom\u00e1ntica y sofisticada, perfecta para quienes celebran la belleza de los nuevos comienzos y la armon\u00eda entre naturaleza, cultura y emoci\u00f3n.<\/p>\n","protected":false},"featured_media":1659,"template":"","meta":{"_acf_changed":false,"inline_featured_image":false,"site-sidebar-layout":"default","site-content-layout":"","ast-site-content-layout":"default","site-content-style":"default","site-sidebar-style":"default","ast-global-header-display":"","ast-banner-title-visibility":"","ast-main-header-display":"","ast-hfb-above-header-display":"","ast-hfb-below-header-display":"","ast-hfb-mobile-header-display":"","site-post-title":"","ast-breadcrumbs-content":"","ast-featured-img":"","footer-sml-layout":"","ast-disable-related-posts":"","theme-transparent-header-meta":"default","adv-header-id-meta":"","stick-header-meta":"","header-above-stick-meta":"","header-main-stick-meta":"","header-below-stick-meta":"","astra-migrate-meta-layouts":"set","ast-page-background-enabled":"default","ast-page-background-meta":{"desktop":{"background-color":"var(--ast-global-color-5)","background-image":"","background-repeat":"repeat","background-position":"center center","background-size":"auto","background-attachment":"scroll","background-type":"","background-media":"","overlay-type":"","overlay-color":"","overlay-opacity":"","overlay-gradient":""},"tablet":{"background-color":"","background-image":"","background-repeat":"repeat","background-position":"center center","background-size":"auto","background-attachment":"scroll","background-type":"","background-media":"","overlay-type":"","overlay-color":"","overlay-opacity":"","overlay-gradient":""},"mobile":{"background-color":"","background-image":"","background-repeat":"repeat","background-position":"center center","background-size":"auto","background-attachment":"scroll","background-type":"","background-media":"","overlay-type":"","overlay-color":"","overlay-opacity":"","overlay-gradient":""}},"ast-content-background-meta":{"desktop":{"background-color":"var(--ast-global-color-4)","background-image":"","background-repeat":"repeat","background-position":"center center","background-size":"auto","background-attachment":"scroll","background-type":"","background-media":"","overlay-type":"","overlay-color":"","overlay-opacity":"","overlay-gradient":""},"tablet":{"background-color":"var(--ast-global-color-4)","background-image":"","background-repeat":"repeat","background-position":"center center","background-size":"auto","background-attachment":"scroll","background-type":"","background-media":"","overlay-type":"","overlay-color":"","overlay-opacity":"","overlay-gradient":""},"mobile":{"background-color":"var(--ast-global-color-4)","background-image":"","background-repeat":"repeat","background-position":"center center","background-size":"auto","background-attachment":"scroll","background-type":"","background-media":"","overlay-type":"","overlay-color":"","overlay-opacity":"","overlay-gradient":""}}},"product_brand":[],"product_cat":[15],"product_tag":[],"class_list":{"0":"post-246","1":"product","2":"type-product","3":"status-publish","4":"has-post-thumbnail","6":"product_cat-fragances","7":"desktop-align-left","8":"tablet-align-left","9":"mobile-align-left","11":"first","12":"instock","13":"shipping-taxable","14":"purchasable","15":"product-type-simple"},"acf":[],"yoast_head":"<!-- This site is optimized with the Yoast SEO plugin v27.4 - https:\/\/yoast.com\/product\/yoast-seo-wordpress\/ -->\n<title>Aprilis, eau de parfum<\/title>\n<meta name=\"robots\" content=\"index, follow, max-snippet:-1, max-image-preview:large, max-video-preview:-1\" \/>\n<link rel=\"canonical\" href=\"https:\/\/www.santaeulaliaperfumes.com\/es\/producto\/perfume-aprilis\/\" \/>\n<meta property=\"og:locale\" content=\"es_ES\" \/>\n<meta property=\"og:locale:alternate\" content=\"en_GB\" \/>\n<meta property=\"og:type\" content=\"article\" \/>\n<meta property=\"og:title\" content=\"Aprilis, eau de parfum\" \/>\n<meta property=\"og:description\" content=\"Aprilis, eau de parfum, un mar de rosas. Un paseo por Barcelona el d\u00eda de Sant Jordi, el 23 de abril, cuando la ciudad se llena de vida bajo un cielo de rosas y las calles se visten de libros en homenaje al amor y a la cultura. Un radiante ramo de rosas, celebrando la primavera en su m\u00e1ximo esplendor.  La fragancia en sus notas de salida combina pimienta rosa y pera jugosa, evocando el roc\u00edo matinal sobre los p\u00e9talos. En el coraz\u00f3n, un bouquet de rosas, muguet y clavel florece con elegancia luminosa. El fondo, con almizcle aterciopelado, madera de cedro y \u00e1mbar gris, aporta calidez y profundidad, creando un equilibrio entre lo femenino y lo masculino.  Aprilis, \u201cabril\u201d en lat\u00edn, es una fragancia floral, rom\u00e1ntica y sofisticada, perfecta para quienes celebran la belleza de los nuevos comienzos y la armon\u00eda entre naturaleza, cultura y emoci\u00f3n.\" \/>\n<meta property=\"og:url\" content=\"https:\/\/www.santaeulaliaperfumes.com\/es\/producto\/perfume-aprilis\/\" \/>\n<meta property=\"og:site_name\" content=\"Santa Eulalia Perfumes\" \/>\n<meta property=\"article:publisher\" content=\"https:\/\/www.facebook.com\/santaeulaliaperfumes\" \/>\n<meta property=\"article:modified_time\" content=\"2025-08-07T17:10:03+00:00\" \/>\n<meta property=\"og:image\" content=\"https:\/\/www.santaeulaliaperfumes.com\/wp-content\/uploads\/2025\/07\/Santa-Eulialia-Perfumes-Aprilis-Aereal.jpg\" \/>\n\t<meta property=\"og:image:width\" content=\"1200\" \/>\n\t<meta property=\"og:image:height\" content=\"2000\" \/>\n\t<meta property=\"og:image:type\" content=\"image\/jpeg\" \/>\n<meta name=\"twitter:card\" content=\"summary_large_image\" \/>\n<meta name=\"twitter:label1\" content=\"Tiempo de lectura\" \/>\n\t<meta name=\"twitter:data1\" content=\"3 minutos\" \/>\n<script type=\"application\/ld+json\" class=\"yoast-schema-graph\">{\"@context\":\"https:\\\/\\\/schema.org\",\"@graph\":[{\"@type\":\"WebPage\",\"@id\":\"https:\\\/\\\/www.santaeulaliaperfumes.com\\\/en\\\/producto\\\/perfume-aprilis\\\/\",\"url\":\"https:\\\/\\\/www.santaeulaliaperfumes.com\\\/en\\\/producto\\\/perfume-aprilis\\\/\",\"name\":\"Aprilis, eau de parfum\",\"isPartOf\":{\"@id\":\"https:\\\/\\\/www.santaeulaliaperfumes.com\\\/#website\"},\"primaryImageOfPage\":{\"@id\":\"https:\\\/\\\/www.santaeulaliaperfumes.com\\\/en\\\/producto\\\/perfume-aprilis\\\/#primaryimage\"},\"image\":{\"@id\":\"https:\\\/\\\/www.santaeulaliaperfumes.com\\\/en\\\/producto\\\/perfume-aprilis\\\/#primaryimage\"},\"thumbnailUrl\":\"https:\\\/\\\/www.santaeulaliaperfumes.com\\\/wp-content\\\/uploads\\\/2025\\\/07\\\/Santa-Eulialia-Perfumes-Aprilis-Aereal.jpg\",\"datePublished\":\"2025-06-05T07:46:25+00:00\",\"dateModified\":\"2025-08-07T17:10:03+00:00\",\"breadcrumb\":{\"@id\":\"https:\\\/\\\/www.santaeulaliaperfumes.com\\\/en\\\/producto\\\/perfume-aprilis\\\/#breadcrumb\"},\"inLanguage\":\"es-ES\",\"potentialAction\":[{\"@type\":\"ReadAction\",\"target\":[\"https:\\\/\\\/www.santaeulaliaperfumes.com\\\/en\\\/producto\\\/perfume-aprilis\\\/\"]}]},{\"@type\":\"ImageObject\",\"inLanguage\":\"es-ES\",\"@id\":\"https:\\\/\\\/www.santaeulaliaperfumes.com\\\/en\\\/producto\\\/perfume-aprilis\\\/#primaryimage\",\"url\":\"https:\\\/\\\/www.santaeulaliaperfumes.com\\\/wp-content\\\/uploads\\\/2025\\\/07\\\/Santa-Eulialia-Perfumes-Aprilis-Aereal.jpg\",\"contentUrl\":\"https:\\\/\\\/www.santaeulaliaperfumes.com\\\/wp-content\\\/uploads\\\/2025\\\/07\\\/Santa-Eulialia-Perfumes-Aprilis-Aereal.jpg\",\"width\":1200,\"height\":2000},{\"@type\":\"BreadcrumbList\",\"@id\":\"https:\\\/\\\/www.santaeulaliaperfumes.com\\\/en\\\/producto\\\/perfume-aprilis\\\/#breadcrumb\",\"itemListElement\":[{\"@type\":\"ListItem\",\"position\":1,\"name\":\"Portada\",\"item\":\"https:\\\/\\\/www.santaeulaliaperfumes.com\\\/es\\\/\"},{\"@type\":\"ListItem\",\"position\":2,\"name\":\"Tienda\",\"item\":\"https:\\\/\\\/www.santaeulaliaperfumes.com\\\/en\\\/tienda\\\/\"},{\"@type\":\"ListItem\",\"position\":3,\"name\":\"Aprilis, eau de parfum\"}]},{\"@type\":\"WebSite\",\"@id\":\"https:\\\/\\\/www.santaeulaliaperfumes.com\\\/#website\",\"url\":\"https:\\\/\\\/www.santaeulaliaperfumes.com\\\/\",\"name\":\"Santa Eulalia Perfumes\",\"description\":\"12 perfumes inspirados en la ciudad de Barcelona\",\"publisher\":{\"@id\":\"https:\\\/\\\/www.santaeulaliaperfumes.com\\\/#organization\"},\"alternateName\":\"Perfumes Santa Eulalia\",\"potentialAction\":[{\"@type\":\"SearchAction\",\"target\":{\"@type\":\"EntryPoint\",\"urlTemplate\":\"https:\\\/\\\/www.santaeulaliaperfumes.com\\\/?s={search_term_string}\"},\"query-input\":{\"@type\":\"PropertyValueSpecification\",\"valueRequired\":true,\"valueName\":\"search_term_string\"}}],\"inLanguage\":\"es-ES\"},{\"@type\":\"Organization\",\"@id\":\"https:\\\/\\\/www.santaeulaliaperfumes.com\\\/#organization\",\"name\":\"Santa Eulalia Perfumes\",\"alternateName\":\"Perfumes Santa Eulalia\",\"url\":\"https:\\\/\\\/www.santaeulaliaperfumes.com\\\/\",\"logo\":{\"@type\":\"ImageObject\",\"inLanguage\":\"es-ES\",\"@id\":\"https:\\\/\\\/www.santaeulaliaperfumes.com\\\/#\\\/schema\\\/logo\\\/image\\\/\",\"url\":\"https:\\\/\\\/www.santaeulaliaperfumes.com\\\/wp-content\\\/uploads\\\/2025\\\/06\\\/Logo.png\",\"contentUrl\":\"https:\\\/\\\/www.santaeulaliaperfumes.com\\\/wp-content\\\/uploads\\\/2025\\\/06\\\/Logo.png\",\"width\":526,\"height\":588,\"caption\":\"Santa Eulalia Perfumes\"},\"image\":{\"@id\":\"https:\\\/\\\/www.santaeulaliaperfumes.com\\\/#\\\/schema\\\/logo\\\/image\\\/\"},\"sameAs\":[\"https:\\\/\\\/www.facebook.com\\\/santaeulaliaperfumes\"]}]}<\/script>\n<!-- \/ Yoast SEO plugin. -->","yoast_head_json":{"title":"Aprilis, eau de parfum","robots":{"index":"index","follow":"follow","max-snippet":"max-snippet:-1","max-image-preview":"max-image-preview:large","max-video-preview":"max-video-preview:-1"},"canonical":"https:\/\/www.santaeulaliaperfumes.com\/es\/producto\/perfume-aprilis\/","og_locale":"es_ES","og_type":"article","og_title":"[:en]Aprilis, eau de parfum[:es]Aprilis, eau de parfum[:] | Santa Eulalia Perfumes","og_description":"Aprilis, eau de parfum, un mar de rosas. Un paseo por Barcelona el d\u00eda de Sant Jordi, el 23 de abril, cuando la ciudad se llena de vida bajo un cielo de rosas y las calles se visten de libros en homenaje al amor y a la cultura. Un radiante ramo de rosas, celebrando la primavera en su m\u00e1ximo esplendor.  La fragancia en sus notas de salida combina pimienta rosa y pera jugosa, evocando el roc\u00edo matinal sobre los p\u00e9talos. En el coraz\u00f3n, un bouquet de rosas, muguet y clavel florece con elegancia luminosa. El fondo, con almizcle aterciopelado, madera de cedro y \u00e1mbar gris, aporta calidez y profundidad, creando un equilibrio entre lo femenino y lo masculino.  Aprilis, \u201cabril\u201d en lat\u00edn, es una fragancia floral, rom\u00e1ntica y sofisticada, perfecta para quienes celebran la belleza de los nuevos comienzos y la armon\u00eda entre naturaleza, cultura y emoci\u00f3n.","og_url":"https:\/\/www.santaeulaliaperfumes.com\/es\/producto\/perfume-aprilis\/","og_site_name":"Santa Eulalia Perfumes","article_publisher":"https:\/\/www.facebook.com\/santaeulaliaperfumes","article_modified_time":"2025-08-07T17:10:03+00:00","og_image":[{"width":1200,"height":2000,"url":"https:\/\/www.santaeulaliaperfumes.com\/wp-content\/uploads\/2025\/07\/Santa-Eulialia-Perfumes-Aprilis-Aereal.jpg","type":"image\/jpeg"}],"twitter_card":"summary_large_image","twitter_misc":{"Tiempo de lectura":"3 minutos"},"schema":{"@context":"https:\/\/schema.org","@graph":[{"@type":"WebPage","@id":"https:\/\/www.santaeulaliaperfumes.com\/en\/producto\/perfume-aprilis\/","url":"https:\/\/www.santaeulaliaperfumes.com\/en\/producto\/perfume-aprilis\/","name":"Aprilis, eau de parfum","isPartOf":{"@id":"https:\/\/www.santaeulaliaperfumes.com\/#website"},"primaryImageOfPage":{"@id":"https:\/\/www.santaeulaliaperfumes.com\/en\/producto\/perfume-aprilis\/#primaryimage"},"image":{"@id":"https:\/\/www.santaeulaliaperfumes.com\/en\/producto\/perfume-aprilis\/#primaryimage"},"thumbnailUrl":"https:\/\/www.santaeulaliaperfumes.com\/wp-content\/uploads\/2025\/07\/Santa-Eulialia-Perfumes-Aprilis-Aereal.jpg","datePublished":"2025-06-05T07:46:25+00:00","dateModified":"2025-08-07T17:10:03+00:00","breadcrumb":{"@id":"https:\/\/www.santaeulaliaperfumes.com\/en\/producto\/perfume-aprilis\/#breadcrumb"},"inLanguage":"es-ES","potentialAction":[{"@type":"ReadAction","target":["https:\/\/www.santaeulaliaperfumes.com\/en\/producto\/perfume-aprilis\/"]}]},{"@type":"ImageObject","inLanguage":"es-ES","@id":"https:\/\/www.santaeulaliaperfumes.com\/en\/producto\/perfume-aprilis\/#primaryimage","url":"https:\/\/www.santaeulaliaperfumes.com\/wp-content\/uploads\/2025\/07\/Santa-Eulialia-Perfumes-Aprilis-Aereal.jpg","contentUrl":"https:\/\/www.santaeulaliaperfumes.com\/wp-content\/uploads\/2025\/07\/Santa-Eulialia-Perfumes-Aprilis-Aereal.jpg","width":1200,"height":2000},{"@type":"BreadcrumbList","@id":"https:\/\/www.santaeulaliaperfumes.com\/en\/producto\/perfume-aprilis\/#breadcrumb","itemListElement":[{"@type":"ListItem","position":1,"name":"Portada","item":"https:\/\/www.santaeulaliaperfumes.com\/es\/"},{"@type":"ListItem","position":2,"name":"Tienda","item":"https:\/\/www.santaeulaliaperfumes.com\/en\/tienda\/"},{"@type":"ListItem","position":3,"name":"Aprilis, eau de parfum"}]},{"@type":"WebSite","@id":"https:\/\/www.santaeulaliaperfumes.com\/#website","url":"https:\/\/www.santaeulaliaperfumes.com\/","name":"Santa Eulalia Perfumes","description":"12 perfumes inspirados en la ciudad de Barcelona","publisher":{"@id":"https:\/\/www.santaeulaliaperfumes.com\/#organization"},"alternateName":"Perfumes Santa Eulalia","potentialAction":[{"@type":"SearchAction","target":{"@type":"EntryPoint","urlTemplate":"https:\/\/www.santaeulaliaperfumes.com\/?s={search_term_string}"},"query-input":{"@type":"PropertyValueSpecification","valueRequired":true,"valueName":"search_term_string"}}],"inLanguage":"es-ES"},{"@type":"Organization","@id":"https:\/\/www.santaeulaliaperfumes.com\/#organization","name":"Santa Eulalia Perfumes","alternateName":"Perfumes Santa Eulalia","url":"https:\/\/www.santaeulaliaperfumes.com\/","logo":{"@type":"ImageObject","inLanguage":"es-ES","@id":"https:\/\/www.santaeulaliaperfumes.com\/#\/schema\/logo\/image\/","url":"https:\/\/www.santaeulaliaperfumes.com\/wp-content\/uploads\/2025\/06\/Logo.png","contentUrl":"https:\/\/www.santaeulaliaperfumes.com\/wp-content\/uploads\/2025\/06\/Logo.png","width":526,"height":588,"caption":"Santa Eulalia Perfumes"},"image":{"@id":"https:\/\/www.santaeulaliaperfumes.com\/#\/schema\/logo\/image\/"},"sameAs":["https:\/\/www.facebook.com\/santaeulaliaperfumes"]}]}},"_links":{"self":[{"href":"https:\/\/www.santaeulaliaperfumes.com\/es\/wp-json\/wp\/v2\/product\/246","targetHints":{"allow":["GET"]}}],"collection":[{"href":"https:\/\/www.santaeulaliaperfumes.com\/es\/wp-json\/wp\/v2\/product"}],"about":[{"href":"https:\/\/www.santaeulaliaperfumes.com\/es\/wp-json\/wp\/v2\/types\/product"}],"version-history":[{"count":17,"href":"https:\/\/www.santaeulaliaperfumes.com\/es\/wp-json\/wp\/v2\/product\/246\/revisions"}],"predecessor-version":[{"id":4726,"href":"https:\/\/www.santaeulaliaperfumes.com\/es\/wp-json\/wp\/v2\/product\/246\/revisions\/4726"}],"wp:featuredmedia":[{"embeddable":true,"href":"https:\/\/www.santaeulaliaperfumes.com\/es\/wp-json\/wp\/v2\/media\/1659"}],"wp:attachment":[{"href":"https:\/\/www.santaeulaliaperfumes.com\/es\/wp-json\/wp\/v2\/media?parent=246"}],"wp:term":[{"taxonomy":"product_brand","embeddable":true,"href":"https:\/\/www.santaeulaliaperfumes.com\/es\/wp-json\/wp\/v2\/product_brand?post=246"},{"taxonomy":"product_cat","embeddable":true,"href":"https:\/\/www.santaeulaliaperfumes.com\/es\/wp-json\/wp\/v2\/product_cat?post=246"},{"taxonomy":"product_tag","embeddable":true,"href":"https:\/\/www.santaeulaliaperfumes.com\/es\/wp-json\/wp\/v2\/product_tag?post=246"}],"curies":[{"name":"wp","href":"https:\/\/api.w.org\/{rel}","templated":true}]}}