{"id":3,"date":"2025-05-28T15:29:54","date_gmt":"2025-05-28T13:29:54","guid":{"rendered":"http:\/\/santaeulaliaperfumes.eulaliadom.local\/?page_id=3"},"modified":"2025-07-10T14:21:13","modified_gmt":"2025-07-10T12:21:13","slug":"privacy-policy","status":"publish","type":"page","link":"https:\/\/www.santaeulaliaperfumes.com\/es\/privacy-policy\/","title":{"rendered":"Pol\u00edtica de privacidad"},"content":{"rendered":"PERFUMES SANTA EULALIA, S.L. (El Responsable) protege los datos personales con lo dispuesto en el Reglamento (UE) 2016\/679, de 27 de abril (GDPR), y la Ley Org\u00e1nica 3\/2018, de 5 de diciembre (LOPDGDD).\n\nConforme a la normativa en vigor sobre tratamiento de datos, le informamos de los datos del Responsable de los datos:\n\nDenominaci\u00f3n social: PERFUMES SANTA EULALIA, S.L.\n\nNIF: B16431728\n\nNombre de dominio: www.santaeulaliaperfumes.com\n\nDirecci\u00f3n: Proven\u00e7a, 255 Principal 08008 Barcelona\n\nE-mail: info@santaeulaliaperfumes.com\n\n<!-- \/wp:post-content --><!-- wp:paragraph -->\n\n<strong>\u00a0DATOS RECOGIDOS EN FORMULARIO DE CONTACTO<\/strong>\n\n<!-- \/wp:paragraph --><!-- wp:table -->\n<figure>\n<table>\n<tbody>\n<tr>\n<td>Finalidad<\/td>\n<td>Remitir al usuario informaci\u00f3n que puedan ser de su inter\u00e9s en la direcci\u00f3n proporcionada.<\/td>\n<\/tr>\n<tr>\n<td>Legitimaci\u00f3n para el tratamiento<\/td>\n<td>Consentimiento del usuario<\/td>\n<\/tr>\n<tr>\n<td>Criterios de conservaci\u00f3n<\/td>\n<td>Sus datos ser\u00e1n cancelados en el momento en que Ud. nos retire el consentimiento, se conservar\u00e1n durante el plazo de 3 a\u00f1os para responder de posibles reclamaciones y\/o en el momento en que solicite la supresi\u00f3n, despu\u00e9s de oponerse al tratamiento, ser\u00e1n destruidos.<\/td>\n<\/tr>\n<tr>\n<td>Comunicaci\u00f3n de datos<\/td>\n<td>No se ceder\u00e1n, salvo que la ley nos obligue o sea necesario para la operatividad del servicio.<\/td>\n<\/tr>\n<tr>\n<td>Derechos del usuario<\/td>\n<td>Derechos de acceso, rectificaci\u00f3n, supresi\u00f3n, portabilidad y la limitaci\u00f3n u oposici\u00f3n a su tratamiento, as\u00ed como solicitar m\u00e1s informaci\u00f3n sobre el tratamiento de sus datos. Derecho a presentar una reclamaci\u00f3n ante la Agencia espa\u00f1ola de Protecci\u00f3n de Datos.<\/td>\n<\/tr>\n<tr>\n<td>Datos de contacto para ejercer los derechos del usuario<\/td>\n<td>info@santaeulaliaperfumes.com<\/td>\n<\/tr>\n<\/tbody>\n<\/table>\n<\/figure>\n<!-- \/wp:table --><!-- wp:table -->\n<figure><strong>DATOS RECOGIDOS EN FORMULARIO DE CONTACTO CON ACEPTACI\u00d3N DE RECIBIR COMUNICACIONES COMERCIALES<\/strong>\n<table>\n<tbody>\n<tr>\n<td>Finalidad<\/td>\n<td>Remitir al usuario informaci\u00f3n que puedan ser de su inter\u00e9s en la direcci\u00f3n proporcionada, as\u00ed como para gestionar la posible relaci\u00f3n comercial.<\/td>\n<\/tr>\n<tr>\n<td>Legitimaci\u00f3n para el tratamiento<\/td>\n<td>Consentimiento del usuario<\/td>\n<\/tr>\n<tr>\n<td>Criterios de conservaci\u00f3n<\/td>\n<td>Sus datos ser\u00e1n cancelados en el momento en que Ud. nos retire el consentimiento, se conservar\u00e1n durante el plazo de 3 a\u00f1os para responder de posibles reclamaciones y\/o en el momento en que solicite la supresi\u00f3n, despu\u00e9s de oponerse al tratamiento, ser\u00e1n destruidos.<\/td>\n<\/tr>\n<tr>\n<td>Comunicaci\u00f3n de datos<\/td>\n<td>No se ceder\u00e1n salvo que la ley nos obligue o sea necesario para la operatividad del servicio.<\/td>\n<\/tr>\n<tr>\n<td>Derechos del usuario<\/td>\n<td>Derechos de acceso, rectificaci\u00f3n, supresi\u00f3n, portabilidad y la limitaci\u00f3n u oposici\u00f3n a su tratamiento, as\u00ed como solicitar m\u00e1s informaci\u00f3n sobre el tratamiento de sus datos. Derecho a presentar una reclamaci\u00f3n ante la Agencia espa\u00f1ola de Protecci\u00f3n de Datos.<\/td>\n<\/tr>\n<tr>\n<td>Datos de contacto para ejercer los derechos del usuario<\/td>\n<td>info@santaeulaliaperfumes.com<\/td>\n<\/tr>\n<\/tbody>\n<\/table>\n<\/figure>\n<!-- \/wp:table --><!-- wp:paragraph -->\n\n<strong>DATOS RECOGIDOS EN FORMULARIO DE SUSCRIPCI\u00d3N A NEWSLETTER<\/strong>\n\n<!-- \/wp:paragraph --><!-- wp:table -->\n<figure>\n<table>\n<tbody>\n<tr>\n<td>Finalidad<\/td>\n<td>Gesti\u00f3n newsletter<\/td>\n<\/tr>\n<tr>\n<td>Legitimaci\u00f3n para el tratamiento<\/td>\n<td>Consentimiento del usuario<\/td>\n<\/tr>\n<tr>\n<td>Criterios de conservaci\u00f3n<\/td>\n<td>Sus datos ser\u00e1n cancelados en el momento en que Ud. nos retire el consentimiento, se conservar\u00e1n durante el plazo de 3 a\u00f1os para responder de posibles reclamaciones y\/o en el momento en que solicite la supresi\u00f3n, despu\u00e9s de oponerse al tratamiento, ser\u00e1n destruidos.<\/td>\n<\/tr>\n<tr>\n<td>Comunicaci\u00f3n de datos<\/td>\n<td>No se ceder\u00e1n salvo que la ley nos obligue o sea necesario para la operatividad del servicio.<\/td>\n<\/tr>\n<tr>\n<td>Derechos del usuario<\/td>\n<td>Derechos de acceso, rectificaci\u00f3n, supresi\u00f3n, portabilidad y la limitaci\u00f3n u oposici\u00f3n a su tratamiento, as\u00ed como solicitar m\u00e1s informaci\u00f3n sobre el tratamiento de sus datos. Derecho a presentar una reclamaci\u00f3n ante la Agencia espa\u00f1ola de Protecci\u00f3n de Datos.<\/td>\n<\/tr>\n<tr>\n<td>Datos de contacto para ejercer los derechos del usuario<\/td>\n<td>info@santaeulaliaperfumes.com<\/td>\n<\/tr>\n<\/tbody>\n<\/table>\n<\/figure>\n<!-- \/wp:table --><!-- wp:paragraph -->\n\n<strong>DATOS RECOGIDOS EN EL PROCESO DE VENTA<\/strong>\n\n<!-- \/wp:paragraph --><!-- wp:table -->\n<figure>\n<table>\n<tbody>\n<tr>\n<td>Finalidad<\/td>\n<td>Gestionar la relaci\u00f3n comercial entre las partes.<\/td>\n<\/tr>\n<tr>\n<td>Legitimaci\u00f3n para el tratamiento<\/td>\n<td>Consentimiento del usuarioInter\u00e9s legitimo del Prestador<\/td>\n<\/tr>\n<tr>\n<td>Criterios de conservaci\u00f3n<\/td>\n<td>Sus datos ser\u00e1n cancelados en el momento en que Ud. nos retire el consentimiento, se conservar\u00e1n durante el plazo de 3 a\u00f1os para responder de posibles reclamaciones y\/o en el momento en que solicite la supresi\u00f3n, despu\u00e9s de oponerse al tratamiento, ser\u00e1n destruidos.<\/td>\n<\/tr>\n<tr>\n<td>Comunicaci\u00f3n de datos<\/td>\n<td>No se ceder\u00e1n, salvo que la ley nos obligue o sea necesario para la operatividad del servicio.<\/td>\n<\/tr>\n<tr>\n<td>Derechos del usuario<\/td>\n<td>Derechos de acceso, rectificaci\u00f3n, supresi\u00f3n, portabilidad y la limitaci\u00f3n u oposici\u00f3n a su tratamiento, as\u00ed como solicitar m\u00e1s informaci\u00f3n sobre el tratamiento de sus datos. Derecho a presentar una reclamaci\u00f3n ante la Agencia espa\u00f1ola de Protecci\u00f3n de Datos.<\/td>\n<\/tr>\n<tr>\n<td>Datos de contacto para ejercer los derechos del usuario<\/td>\n<td>info@santaeulaliaperfumes.com<\/td>\n<\/tr>\n<\/tbody>\n<\/table>\n<\/figure>\n<!-- \/wp:table --><!-- wp:paragraph -->\n\n<strong style=\"font-size: 16px;\">No se realizan transferencias internacionales de datos.<\/strong>\n\n<strong>Menores de edad.<\/strong>\n\n<!-- \/wp:paragraph --><!-- wp:paragraph -->\n\nPara el uso de los servicios, los menores de edad tienen que obtener siempre previamente el consentimiento de los padres, tutores o representantes legales, responsables \u00faltimos de todos los actos realizados por los menores a su cargo. Quien facilita los datos a trav\u00e9s de los formularios de esta web y acepta su tratamiento declara ser mayor de 14 a\u00f1os, quedando prohibido el acceso y uso del portal a menores de dicha edad.\n\n<!-- \/wp:paragraph --><!-- wp:paragraph -->\n\n<strong>Actualizaci\u00f3n de datos<\/strong>\n\nEl usuario garantiza que los datos personales facilitados son veraces garantizando que toda la informaci\u00f3n facilitada corresponde con la situaci\u00f3n real, que est\u00e1 actualizada y es exacta, quedando obligado a comunicar cualquier modificaci\u00f3n.\n\n<!-- \/wp:paragraph --><!-- wp:paragraph \/--><!-- wp:paragraph -->\n\n<strong>Datos de Terceros<\/strong>\n\n<!-- \/wp:paragraph --><!-- wp:paragraph -->\n\nSi el usuario facilita datos de terceras personas garantiza que ha obtenido estos datos de forma l\u00edcita, que ha informado previamente a los afectados, obteniendo su consentimiento para comunicarlos y que la informaci\u00f3n facilitada es exacta y veraz.","protected":false},"excerpt":{"rendered":"<p>PERFUMES SANTA EULALIA, S.L. (El Responsable) protege los datos personales con lo dispuesto en el Reglamento (UE) 2016\/679, de 27 [&hellip;]<\/p>\n","protected":false},"author":1,"featured_media":0,"parent":0,"menu_order":0,"comment_status":"closed","ping_status":"closed","template":"","meta":{"_acf_changed":false,"inline_featured_image":false,"site-sidebar-layout":"default","site-content-layout":"","ast-site-content-layout":"default","site-content-style":"default","site-sidebar-style":"default","ast-global-header-display":"","ast-banner-title-visibility":"","ast-main-header-display":"","ast-hfb-above-header-display":"","ast-hfb-below-header-display":"","ast-hfb-mobile-header-display":"","site-post-title":"","ast-breadcrumbs-content":"","ast-featured-img":"","footer-sml-layout":"","ast-disable-related-posts":"","theme-transparent-header-meta":"","adv-header-id-meta":"","stick-header-meta":"","header-above-stick-meta":"","header-main-stick-meta":"","header-below-stick-meta":"","astra-migrate-meta-layouts":"default","ast-page-background-enabled":"default","ast-page-background-meta":{"desktop":{"background-color":"var(--ast-global-color-5)","background-image":"","background-repeat":"repeat","background-position":"center center","background-size":"auto","background-attachment":"scroll","background-type":"","background-media":"","overlay-type":"","overlay-color":"","overlay-opacity":"","overlay-gradient":""},"tablet":{"background-color":"","background-image":"","background-repeat":"repeat","background-position":"center center","background-size":"auto","background-attachment":"scroll","background-type":"","background-media":"","overlay-type":"","overlay-color":"","overlay-opacity":"","overlay-gradient":""},"mobile":{"background-color":"","background-image":"","background-repeat":"repeat","background-position":"center center","background-size":"auto","background-attachment":"scroll","background-type":"","background-media":"","overlay-type":"","overlay-color":"","overlay-opacity":"","overlay-gradient":""}},"ast-content-background-meta":{"desktop":{"background-color":"var(--ast-global-color-4)","background-image":"","background-repeat":"repeat","background-position":"center center","background-size":"auto","background-attachment":"scroll","background-type":"","background-media":"","overlay-type":"","overlay-color":"","overlay-opacity":"","overlay-gradient":""},"tablet":{"background-color":"var(--ast-global-color-4)","background-image":"","background-repeat":"repeat","background-position":"center center","background-size":"auto","background-attachment":"scroll","background-type":"","background-media":"","overlay-type":"","overlay-color":"","overlay-opacity":"","overlay-gradient":""},"mobile":{"background-color":"var(--ast-global-color-4)","background-image":"","background-repeat":"repeat","background-position":"center center","background-size":"auto","background-attachment":"scroll","background-type":"","background-media":"","overlay-type":"","overlay-color":"","overlay-opacity":"","overlay-gradient":""}},"footnotes":""},"class_list":["post-3","page","type-page","status-publish","hentry"],"acf":[],"yoast_head":"<!-- This site is optimized with the Yoast SEO plugin v27.4 - https:\/\/yoast.com\/product\/yoast-seo-wordpress\/ -->\n<title>Pol\u00edtica de privacidad<\/title>\n<meta name=\"robots\" content=\"index, follow, max-snippet:-1, max-image-preview:large, max-video-preview:-1\" \/>\n<link rel=\"canonical\" href=\"https:\/\/www.santaeulaliaperfumes.com\/es\/privacy-policy\/\" \/>\n<meta property=\"og:locale\" content=\"es_ES\" \/>\n<meta property=\"og:locale:alternate\" content=\"en_GB\" \/>\n<meta property=\"og:type\" content=\"article\" \/>\n<meta property=\"og:title\" content=\"Pol\u00edtica de privacidad\" \/>\n<meta property=\"og:description\" content=\"PERFUMES SANTA EULALIA, S.L. (El Responsable) protege los datos personales con lo dispuesto en el Reglamento (UE) 2016\/679, de 27 [&hellip;]\" \/>\n<meta property=\"og:url\" content=\"https:\/\/www.santaeulaliaperfumes.com\/es\/privacy-policy\/\" \/>\n<meta property=\"og:site_name\" content=\"Santa Eulalia Perfumes\" \/>\n<meta property=\"article:publisher\" content=\"https:\/\/www.facebook.com\/santaeulaliaperfumes\" \/>\n<meta property=\"article:modified_time\" content=\"2025-07-10T12:21:13+00:00\" \/>\n<meta name=\"twitter:card\" content=\"summary_large_image\" \/>\n<meta name=\"twitter:label1\" content=\"Tiempo de lectura\" \/>\n\t<meta name=\"twitter:data1\" content=\"4 minutos\" \/>\n<script type=\"application\/ld+json\" class=\"yoast-schema-graph\">{\"@context\":\"https:\\\/\\\/schema.org\",\"@graph\":[{\"@type\":\"WebPage\",\"@id\":\"https:\\\/\\\/www.santaeulaliaperfumes.com\\\/es\\\/privacy-policy\\\/\",\"url\":\"https:\\\/\\\/www.santaeulaliaperfumes.com\\\/es\\\/privacy-policy\\\/\",\"name\":\"Pol\u00edtica de privacidad\",\"isPartOf\":{\"@id\":\"https:\\\/\\\/www.santaeulaliaperfumes.com\\\/#website\"},\"datePublished\":\"2025-05-28T13:29:54+00:00\",\"dateModified\":\"2025-07-10T12:21:13+00:00\",\"breadcrumb\":{\"@id\":\"https:\\\/\\\/www.santaeulaliaperfumes.com\\\/es\\\/privacy-policy\\\/#breadcrumb\"},\"inLanguage\":\"es-ES\",\"potentialAction\":[{\"@type\":\"ReadAction\",\"target\":[\"https:\\\/\\\/www.santaeulaliaperfumes.com\\\/es\\\/privacy-policy\\\/\"]}]},{\"@type\":\"BreadcrumbList\",\"@id\":\"https:\\\/\\\/www.santaeulaliaperfumes.com\\\/es\\\/privacy-policy\\\/#breadcrumb\",\"itemListElement\":[{\"@type\":\"ListItem\",\"position\":1,\"name\":\"Portada\",\"item\":\"https:\\\/\\\/www.santaeulaliaperfumes.com\\\/es\\\/\"},{\"@type\":\"ListItem\",\"position\":2,\"name\":\"Pol\u00edtica de privacidad\"}]},{\"@type\":\"WebSite\",\"@id\":\"https:\\\/\\\/www.santaeulaliaperfumes.com\\\/#website\",\"url\":\"https:\\\/\\\/www.santaeulaliaperfumes.com\\\/\",\"name\":\"Santa Eulalia Perfumes\",\"description\":\"12 perfumes inspirados en la ciudad de Barcelona\",\"publisher\":{\"@id\":\"https:\\\/\\\/www.santaeulaliaperfumes.com\\\/#organization\"},\"alternateName\":\"Perfumes Santa Eulalia\",\"potentialAction\":[{\"@type\":\"SearchAction\",\"target\":{\"@type\":\"EntryPoint\",\"urlTemplate\":\"https:\\\/\\\/www.santaeulaliaperfumes.com\\\/?s={search_term_string}\"},\"query-input\":{\"@type\":\"PropertyValueSpecification\",\"valueRequired\":true,\"valueName\":\"search_term_string\"}}],\"inLanguage\":\"es-ES\"},{\"@type\":\"Organization\",\"@id\":\"https:\\\/\\\/www.santaeulaliaperfumes.com\\\/#organization\",\"name\":\"Santa Eulalia Perfumes\",\"alternateName\":\"Perfumes Santa Eulalia\",\"url\":\"https:\\\/\\\/www.santaeulaliaperfumes.com\\\/\",\"logo\":{\"@type\":\"ImageObject\",\"inLanguage\":\"es-ES\",\"@id\":\"https:\\\/\\\/www.santaeulaliaperfumes.com\\\/#\\\/schema\\\/logo\\\/image\\\/\",\"url\":\"https:\\\/\\\/www.santaeulaliaperfumes.com\\\/wp-content\\\/uploads\\\/2025\\\/06\\\/Logo.png\",\"contentUrl\":\"https:\\\/\\\/www.santaeulaliaperfumes.com\\\/wp-content\\\/uploads\\\/2025\\\/06\\\/Logo.png\",\"width\":526,\"height\":588,\"caption\":\"Santa Eulalia Perfumes\"},\"image\":{\"@id\":\"https:\\\/\\\/www.santaeulaliaperfumes.com\\\/#\\\/schema\\\/logo\\\/image\\\/\"},\"sameAs\":[\"https:\\\/\\\/www.facebook.com\\\/santaeulaliaperfumes\"]}]}<\/script>\n<!-- \/ Yoast SEO plugin. -->","yoast_head_json":{"title":"Pol\u00edtica de privacidad","robots":{"index":"index","follow":"follow","max-snippet":"max-snippet:-1","max-image-preview":"max-image-preview:large","max-video-preview":"max-video-preview:-1"},"canonical":"https:\/\/www.santaeulaliaperfumes.com\/es\/privacy-policy\/","og_locale":"es_ES","og_type":"article","og_title":"[:en]Privacy policy[:es]Pol\u00edtica de privacidad[:] | Santa Eulalia Perfumes","og_description":"PERFUMES SANTA EULALIA, S.L. (El Responsable) protege los datos personales con lo dispuesto en el Reglamento (UE) 2016\/679, de 27 [&hellip;]","og_url":"https:\/\/www.santaeulaliaperfumes.com\/es\/privacy-policy\/","og_site_name":"Santa Eulalia Perfumes","article_publisher":"https:\/\/www.facebook.com\/santaeulaliaperfumes","article_modified_time":"2025-07-10T12:21:13+00:00","twitter_card":"summary_large_image","twitter_misc":{"Tiempo de lectura":"4 minutos"},"schema":{"@context":"https:\/\/schema.org","@graph":[{"@type":"WebPage","@id":"https:\/\/www.santaeulaliaperfumes.com\/es\/privacy-policy\/","url":"https:\/\/www.santaeulaliaperfumes.com\/es\/privacy-policy\/","name":"Pol\u00edtica de privacidad","isPartOf":{"@id":"https:\/\/www.santaeulaliaperfumes.com\/#website"},"datePublished":"2025-05-28T13:29:54+00:00","dateModified":"2025-07-10T12:21:13+00:00","breadcrumb":{"@id":"https:\/\/www.santaeulaliaperfumes.com\/es\/privacy-policy\/#breadcrumb"},"inLanguage":"es-ES","potentialAction":[{"@type":"ReadAction","target":["https:\/\/www.santaeulaliaperfumes.com\/es\/privacy-policy\/"]}]},{"@type":"BreadcrumbList","@id":"https:\/\/www.santaeulaliaperfumes.com\/es\/privacy-policy\/#breadcrumb","itemListElement":[{"@type":"ListItem","position":1,"name":"Portada","item":"https:\/\/www.santaeulaliaperfumes.com\/es\/"},{"@type":"ListItem","position":2,"name":"Pol\u00edtica de privacidad"}]},{"@type":"WebSite","@id":"https:\/\/www.santaeulaliaperfumes.com\/#website","url":"https:\/\/www.santaeulaliaperfumes.com\/","name":"Santa Eulalia Perfumes","description":"12 perfumes inspirados en la ciudad de Barcelona","publisher":{"@id":"https:\/\/www.santaeulaliaperfumes.com\/#organization"},"alternateName":"Perfumes Santa Eulalia","potentialAction":[{"@type":"SearchAction","target":{"@type":"EntryPoint","urlTemplate":"https:\/\/www.santaeulaliaperfumes.com\/?s={search_term_string}"},"query-input":{"@type":"PropertyValueSpecification","valueRequired":true,"valueName":"search_term_string"}}],"inLanguage":"es-ES"},{"@type":"Organization","@id":"https:\/\/www.santaeulaliaperfumes.com\/#organization","name":"Santa Eulalia Perfumes","alternateName":"Perfumes Santa Eulalia","url":"https:\/\/www.santaeulaliaperfumes.com\/","logo":{"@type":"ImageObject","inLanguage":"es-ES","@id":"https:\/\/www.santaeulaliaperfumes.com\/#\/schema\/logo\/image\/","url":"https:\/\/www.santaeulaliaperfumes.com\/wp-content\/uploads\/2025\/06\/Logo.png","contentUrl":"https:\/\/www.santaeulaliaperfumes.com\/wp-content\/uploads\/2025\/06\/Logo.png","width":526,"height":588,"caption":"Santa Eulalia Perfumes"},"image":{"@id":"https:\/\/www.santaeulaliaperfumes.com\/#\/schema\/logo\/image\/"},"sameAs":["https:\/\/www.facebook.com\/santaeulaliaperfumes"]}]}},"_links":{"self":[{"href":"https:\/\/www.santaeulaliaperfumes.com\/es\/wp-json\/wp\/v2\/pages\/3","targetHints":{"allow":["GET"]}}],"collection":[{"href":"https:\/\/www.santaeulaliaperfumes.com\/es\/wp-json\/wp\/v2\/pages"}],"about":[{"href":"https:\/\/www.santaeulaliaperfumes.com\/es\/wp-json\/wp\/v2\/types\/page"}],"author":[{"embeddable":true,"href":"https:\/\/www.santaeulaliaperfumes.com\/es\/wp-json\/wp\/v2\/users\/1"}],"replies":[{"embeddable":true,"href":"https:\/\/www.santaeulaliaperfumes.com\/es\/wp-json\/wp\/v2\/comments?post=3"}],"version-history":[{"count":46,"href":"https:\/\/www.santaeulaliaperfumes.com\/es\/wp-json\/wp\/v2\/pages\/3\/revisions"}],"predecessor-version":[{"id":1843,"href":"https:\/\/www.santaeulaliaperfumes.com\/es\/wp-json\/wp\/v2\/pages\/3\/revisions\/1843"}],"wp:attachment":[{"href":"https:\/\/www.santaeulaliaperfumes.com\/es\/wp-json\/wp\/v2\/media?parent=3"}],"curies":[{"name":"wp","href":"https:\/\/api.w.org\/{rel}","templated":true}]}}