{"id":1314,"date":"2025-07-07T10:57:48","date_gmt":"2025-07-07T08:57:48","guid":{"rendered":"http:\/\/santaeulaliaperfumes.eulaliadom.local\/es\/?page_id=1314"},"modified":"2025-07-10T13:19:23","modified_gmt":"2025-07-10T11:19:23","slug":"legal-disclaimer","status":"publish","type":"page","link":"https:\/\/www.santaeulaliaperfumes.com\/es\/legal-disclaimer\/","title":{"rendered":"Aviso legal"},"content":{"rendered":"<\/p>\n\n\n<p>PERFUMES SANTA EULALIA, S.L. (en adelante Responsables o el Prestador) cumple con los requisitos establecidos en la normativa actual sobre Protecci\u00f3n de Datos de Car\u00e1cter Personal y Comercio Electr\u00f3nico. A tal fin, ha creado el siguiente Aviso Legal con el que pretende dar cumplimiento a las obligaciones dispuestas en la Ley 34\/2002, de 11 de julio, de Servicios de la Sociedad de la Informaci\u00f3n y de Comercio Electr\u00f3nico (LSSICE), BOE N.\u00ba 166, as\u00ed como informar a todos los usuarios del sitio web respecto a cu\u00e1les son las condiciones de uso.<\/p>\n\n\n\n<p><strong>Informaci\u00f3n<\/strong><\/p>\n\n\n\n<p>Denominaci\u00f3n social: PERFUMES SANTA EULALIA, S.L.<\/p>\n\n\n\n<p>NIF: B16431728<\/p>\n\n\n\n<p>Datos de inscripci\u00f3n: Registro Mercantil de Barcelona, Tomo\/I.R.U.S. 1000420863458 , Folio\u00a0 1, Hoja B 615735, Inscripci\u00f3n 1\u00a0<\/p>\n\n\n\n<p>Nombre de dominio: www.santaeulaliaperfumes.com<\/p>\n\n\n\n<p><strong>Datos de contacto<\/strong><\/p>\n\n\n\n<p>Direcci\u00f3n: Proven\u00e7a, 255 Principal 08008 Barcelona<\/p>\n\n\n\n<p>Tel\u00e9fono: +34 932150674<\/p>\n\n\n\n<p>E-mail: info@santaeulaliaperfumes.com<\/p>\n\n\n\n<p><strong>Condiciones generales de uso<\/strong><\/p>\n\n\n\n<p>Toda persona que acceda a este sitio Web asume el papel de Usuario, comprometi\u00e9ndose a la observancia y cumplimiento riguroso de las disposiciones aqu\u00ed dispuestas, as\u00ed como a cualquier otra disposici\u00f3n legal que fuera de aplicaci\u00f3n.<\/p>\n\n\n\n<p>PERFUMES SANTA EULALIA, S.L. se reserva el derecho a modificar cualquier tipo de informaci\u00f3n que pudiera aparecer en el sitio Web, sin que exista obligaci\u00f3n de preavisar o poner en conocimiento de los Usuarios dichas obligaciones, entendi\u00e9ndose como suficiente con la publicaci\u00f3n en su sitio Web.<\/p>\n\n\n\n<p>El usuario acepta plenamente y sin reservas las disposiciones incluidas en este Aviso Legal, en la versi\u00f3n publicada por PERFUMES SANTA EULALIA, S.L. en el momento mismo en que el Usuario acceda al sitio Web.<\/p>\n\n\n\n<p>El sitio Web puede ser visitado libremente y el Usuario se compromete a utilizar sus contenidos y servicios de conformidad con la ley, la moral, las buenas costumbres y el presente Aviso Legal. A tal efecto, el Usuario se abstendr\u00e1 de utilizar el sitio Web con fines o efectos il\u00edcitos, prohibidos y lesivos de los derechos e intereses de terceros.<\/p>\n\n\n\n<p>PERFUMES SANTA EULALIA, S.L. no se responsabiliza de los errores u omisiones, de los contenidos del sitio Web ni de otros contenidos a los que se pueda acceder a trav\u00e9s del mismo, ni de los da\u00f1os derivados de la utilizaci\u00f3n del sitio Web, ni por cualquier actuaci\u00f3n realizada sobre la base de la informaci\u00f3n que en ella se facilita.<\/p>\n\n\n\n<p>PERFUMES SANTA EULALIA, S.L. ni garantiza la ausencia de virus u otros elementos lesivos, que pudieran causar da\u00f1os o alteraciones en el sistema inform\u00e1tico, en los documentos electr\u00f3nicos o en los ficheros del usuario del sitio Web; ni responde de los da\u00f1os y perjuicios que tales elementos pudieran ocasionar al Usuario o terceros.<\/p>\n\n\n\n<p>El sitio Web tiene car\u00e1cter informativo, por lo que su contenido podr\u00e1 ser modificado, ampliado o suprimido en cualquier momento, sin previo aviso.<\/p>\n\n\n\n<p>PERFUMES SANTA EULALIA, S.L. se reserva el derecho de actualizar los contenidos del sitio Web y\/o de eliminarlos, as\u00ed como de limitar e impedir el acceso a los mismos, ya sea temporal o definitivamente, sin previa notificaci\u00f3n.&nbsp;<\/p>\n\n\n\n<p>El prestador no se hace responsable de la informaci\u00f3n y contenidos almacenados, a t\u00edtulo enunciativo, pero no limitativo, en foros, chats, generadores de blogs, comentarios, redes sociales o cualquier otro medio que permita a terceros publicar contenidos de forma independiente en la p\u00e1gina web del prestador. No obstante, y en cumplimiento de lo dispuesto en el art. 11 y 16 de la LSSI-CE, el prestador se pone a disposici\u00f3n de todos los usuarios, autoridades y fuerzas de seguridad, y colaborando de forma activa en la retirada o en su caso bloqueo de todos aquellos contenidos que pudieran afectar o contravenir la legislaci\u00f3n nacional, o internacional, derechos de terceros o la moral y el orden p\u00fablico. En caso de que el usuario considere que existe en el sitio web alg\u00fan contenido que pudiera ser susceptible de esta clasificaci\u00f3n, se ruega lo notifique de forma inmediata al administrador del sitio web.<\/p>\n\n\n\n<p><strong>Derechos de propiedad intelectual e industrial:<\/strong><\/p>\n\n\n\n<p>Todos los derechos de propiedad intelectual y\/o industrial del sitio Web y de todos sus contenidos (textos, im\u00e1genes, dise\u00f1os, creatividades, software, c\u00f3digo fuente, fragmento de audio, programas inform\u00e1ticos, descargas digitales, bases de datos, nombres comerciales, marcas, logotipos, y\/o cualquier otro signo distintivo, etc.) que formen o hayan formado parte del mismo en alg\u00fan momento, est\u00e1n protegidos por Ley y pertenecen a PERFUMES SANTA EULALIA, S.L.&nbsp;<\/p>\n\n\n\n<p>En ning\u00fan caso se entender\u00e1 que el acceso y uso del sitio Web implica la renuncia, transmisi\u00f3n, licencia, cesi\u00f3n, total ni parcial, ni autorizaci\u00f3n de clase alguna, para la explotaci\u00f3n, reproducci\u00f3n, comunicaci\u00f3n p\u00fablica, difusi\u00f3n, divulgaci\u00f3n y\/o transformaci\u00f3n ni del sitio Web, ni de sus contenidos, entendidos con la amplitud se\u00f1alada en el punto anterior, ni tampoco de los derechos de propiedad intelectual y\/o industrial inherentes a los mismos.<\/p>\n\n\n\n<p>Independientemente de la finalidad para la que fueran destinados, la reproducci\u00f3n total o parcial, uso, explotaci\u00f3n, distribuci\u00f3n y comercializaci\u00f3n, requiere en todo caso de la autorizaci\u00f3n escrita previa por parte del prestador. Cualquier uso no autorizado previamente por parte del prestador ser\u00e1 considerado un incumplimiento grave de los derechos de propiedad intelectual o industrial del autor.<\/p>\n\n\n\n<p><strong>Car\u00e1cter obligatorio o facultativo de la informaci\u00f3n facilitada por el usuario<\/strong><\/p>\n\n\n\n<p>Los USUARIOS, mediante la marcaci\u00f3n de las casillas correspondientes y la entrada de datos en los campos, marcados con un asterisco (*) en el formulario de contacto o presentados en formularios de descarga, aceptan expresamente y de forma libre e inequ\u00edvoca, que sus datos son necesarios para atender su petici\u00f3n, por parte del prestador, siendo voluntaria la inclusi\u00f3n de datos en los campos restantes. El USUARIO garantiza que los datos personales facilitados a PERFUMES SANTA EULALIA, S.L. son veraces y se hace responsable de comunicar cualquier modificaci\u00f3n de los mismos.<\/p>\n\n\n\n<p>PERFUMES SANTA EULALIA, S.L. informa de que todos los datos solicitados a trav\u00e9s del sitio web son obligatorios, ya que son necesarios para la prestaci\u00f3n de un servicio \u00f3ptimo al USUARIO. En caso de que no se faciliten todos los datos, no se garantiza que la informaci\u00f3n y servicios facilitados sean completamente ajustados a sus necesidades.<\/p>\n\n\n\n<p><br><strong>Medidas de seguridad<\/strong><br>Que de conformidad con lo dispuesto en las normativas vigentes en protecci\u00f3n de datos personales, PERFUMES SANTA EULALIA, S.L. est\u00e1 cumpliendo con todas las disposiciones de las normativas GDPR y LOPDGDD para el tratamiento de los datos personales de su responsabilidad, y manifiestamente con los principios descritos en el art\u00edculo 5 del GDPR, por los cuales son tratados de manera l\u00edcita, leal y transparente en relaci\u00f3n con el interesado y adecuados, pertinentes y limitados a lo necesario en relaci\u00f3n con los fines para los que son tratados.<\/p>\n\n\n\n<p>PERFUMES SANTA EULALIA, S.L. garantiza que ha implementado pol\u00edticas t\u00e9cnicas y organizativas apropiadas para aplicar las medidas de seguridad que establecen el GDPR y la LOPDGDD con el fin de proteger los derechos y libertades de los USUARIOS y les ha comunicado la informaci\u00f3n adecuada para que puedan ejercerlos.<\/p>\n\n\n\n<p><strong>Direcciones IP<\/strong><\/p>\n\n\n\n<p>Los servidores del sitio web podr\u00e1n detectar de manera autom\u00e1tica la direcci\u00f3n IP y el nombre de dominio utilizados por el usuario. Una direcci\u00f3n IP es un n\u00famero asignado autom\u00e1ticamente a un ordenador cuando este se conecta a Internet. Toda esta informaci\u00f3n se registra en un fichero de actividad del servidor que permite el posterior procesamiento de los datos con el fin de obtener mediciones \u00fanicamente estad\u00edsticas que permitan conocer el n\u00famero de impresiones de p\u00e1ginas, el n\u00famero de visitas realizadas a los servidores web, el orden de visitas, el punto de acceso, etc.<\/p>\n\n\n\n<p><strong>Uso de Cookies<\/strong><\/p>\n\n\n\n<p>Este sitio web puede utilizar cookies t\u00e9cnicas (peque\u00f1os archivos de informaci\u00f3n que el servidor env\u00eda al ordenador de quien accede a la p\u00e1gina) para llevar a cabo determinadas funciones que son consideradas imprescindibles para el correcto funcionamiento y visualizaci\u00f3n del sitio. Las cookies utilizadas tienen, en todo caso, car\u00e1cter temporal, con la \u00fanica finalidad de hacer m\u00e1s eficaz la navegaci\u00f3n, y desaparecen al terminar la sesi\u00f3n del usuario. En ning\u00fan caso, estas cookies proporcionan por s\u00ed mismas datos de car\u00e1cter personal y no se utilizar\u00e1n para la recogida de los mismos. Mediante el uso de cookies tambi\u00e9n es posible que el servidor donde se encuentra la web reconozca el navegador utilizado por el usuario con la finalidad de que la navegaci\u00f3n sea m\u00e1s sencilla, permitiendo, por ejemplo, el acceso de los usuarios que se hayan registrado previamente a las \u00e1reas, servicios, promociones o concursos reservados exclusivamente a ellos sin tener que registrarse en cada visita. Tambi\u00e9n se pueden utilizar para medir la audiencia, par\u00e1metros de tr\u00e1fico, controlar el progreso y n\u00famero de entradas, etc., siendo en estos casos cookies prescindibles t\u00e9cnicamente, pero beneficiosas para el usuario. Este sitio web no instalar\u00e1 cookies prescindibles sin el consentimiento previo del usuario. Este sitio web utiliza cookies propias y de terceros para fines anal\u00edticos y para mostrarle publicidad personalizada en base a un perfil elaborado a partir de sus h\u00e1bitos de navegaci\u00f3n (por ejemplo, p\u00e1ginas visitadas). A todo usuario que visita la web se le informa del uso de estas cookies mediante un banner flotante. En el caso de aceptar su uso, el banner desaparecer\u00e1, aunque en todo momento podr\u00e1 revocar el consentimiento y obtener m\u00e1s informaci\u00f3n consultando nuestra Pol\u00edtica de cookies. El usuario tiene la posibilidad de configurar su navegador para ser alertado de la recepci\u00f3n de cookies y para impedir su instalaci\u00f3n en su equipo. Por favor, consulte las instrucciones de su navegador para ampliar esta informaci\u00f3n.<\/p>\n\n\n\n<p><strong>Enlaces<\/strong><\/p>\n\n\n\n<p>La empresa no asume ninguna responsabilidad sobre el contenido, informaci\u00f3n o servicios que puedan ofrecer los enlaces que se presentan en nuestro sitio Web, y que tienen car\u00e1cter meramente informativo.<\/p>\n\n\n\n<p><strong>Legislaci\u00f3n aplicable<\/strong><\/p>\n\n\n\n<p>Para la resoluci\u00f3n de todas las controversias o cuestiones relacionadas con el presente sitio web o de las actividades en \u00e9l desarrolladas, ser\u00e1 de aplicaci\u00f3n la legislaci\u00f3n espa\u00f1ola, a la que se someten expresamente las partes, siendo competentes para la resoluci\u00f3n de todos los conflictos derivados o relacionados con su uso los Juzgados y Tribunales del domicilio del USUARIO o el lugar del cumplimiento de la obligaci\u00f3n.<\/p>\n\n\n<p>","protected":false},"excerpt":{"rendered":"<p>PERFUMES SANTA EULALIA, S.L. (en adelante Responsables o el Prestador) cumple con los requisitos establecidos en la normativa actual sobre [&hellip;]<\/p>\n","protected":false},"author":1,"featured_media":0,"parent":0,"menu_order":0,"comment_status":"closed","ping_status":"closed","template":"","meta":{"_acf_changed":false,"inline_featured_image":false,"site-sidebar-layout":"default","site-content-layout":"","ast-site-content-layout":"default","site-content-style":"default","site-sidebar-style":"default","ast-global-header-display":"","ast-banner-title-visibility":"","ast-main-header-display":"","ast-hfb-above-header-display":"","ast-hfb-below-header-display":"","ast-hfb-mobile-header-display":"","site-post-title":"","ast-breadcrumbs-content":"","ast-featured-img":"","footer-sml-layout":"","ast-disable-related-posts":"","theme-transparent-header-meta":"","adv-header-id-meta":"","stick-header-meta":"","header-above-stick-meta":"","header-main-stick-meta":"","header-below-stick-meta":"","astra-migrate-meta-layouts":"default","ast-page-background-enabled":"default","ast-page-background-meta":{"desktop":{"background-color":"var(--ast-global-color-5)","background-image":"","background-repeat":"repeat","background-position":"center center","background-size":"auto","background-attachment":"scroll","background-type":"","background-media":"","overlay-type":"","overlay-color":"","overlay-opacity":"","overlay-gradient":""},"tablet":{"background-color":"","background-image":"","background-repeat":"repeat","background-position":"center center","background-size":"auto","background-attachment":"scroll","background-type":"","background-media":"","overlay-type":"","overlay-color":"","overlay-opacity":"","overlay-gradient":""},"mobile":{"background-color":"","background-image":"","background-repeat":"repeat","background-position":"center center","background-size":"auto","background-attachment":"scroll","background-type":"","background-media":"","overlay-type":"","overlay-color":"","overlay-opacity":"","overlay-gradient":""}},"ast-content-background-meta":{"desktop":{"background-color":"var(--ast-global-color-4)","background-image":"","background-repeat":"repeat","background-position":"center center","background-size":"auto","background-attachment":"scroll","background-type":"","background-media":"","overlay-type":"","overlay-color":"","overlay-opacity":"","overlay-gradient":""},"tablet":{"background-color":"var(--ast-global-color-4)","background-image":"","background-repeat":"repeat","background-position":"center center","background-size":"auto","background-attachment":"scroll","background-type":"","background-media":"","overlay-type":"","overlay-color":"","overlay-opacity":"","overlay-gradient":""},"mobile":{"background-color":"var(--ast-global-color-4)","background-image":"","background-repeat":"repeat","background-position":"center center","background-size":"auto","background-attachment":"scroll","background-type":"","background-media":"","overlay-type":"","overlay-color":"","overlay-opacity":"","overlay-gradient":""}},"footnotes":""},"class_list":["post-1314","page","type-page","status-publish","hentry"],"acf":[],"yoast_head":"<!-- This site is optimized with the Yoast SEO plugin v27.4 - https:\/\/yoast.com\/product\/yoast-seo-wordpress\/ -->\n<title>Aviso legal<\/title>\n<meta name=\"robots\" content=\"index, follow, max-snippet:-1, max-image-preview:large, max-video-preview:-1\" \/>\n<link rel=\"canonical\" href=\"https:\/\/www.santaeulaliaperfumes.com\/es\/legal-disclaimer\/\" \/>\n<meta property=\"og:locale\" content=\"es_ES\" \/>\n<meta property=\"og:locale:alternate\" content=\"en_GB\" \/>\n<meta property=\"og:type\" content=\"article\" \/>\n<meta property=\"og:title\" content=\"Aviso legal\" \/>\n<meta property=\"og:description\" content=\"PERFUMES SANTA EULALIA, S.L. (en adelante Responsables o el Prestador) cumple con los requisitos establecidos en la normativa actual sobre [&hellip;]\" \/>\n<meta property=\"og:url\" content=\"https:\/\/www.santaeulaliaperfumes.com\/es\/legal-disclaimer\/\" \/>\n<meta property=\"og:site_name\" content=\"Santa Eulalia Perfumes\" \/>\n<meta property=\"article:publisher\" content=\"https:\/\/www.facebook.com\/santaeulaliaperfumes\" \/>\n<meta property=\"article:modified_time\" content=\"2025-07-10T11:19:23+00:00\" \/>\n<meta name=\"twitter:card\" content=\"summary_large_image\" \/>\n<meta name=\"twitter:label1\" content=\"Tiempo de lectura\" \/>\n\t<meta name=\"twitter:data1\" content=\"7 minutos\" \/>\n<script type=\"application\/ld+json\" class=\"yoast-schema-graph\">{\"@context\":\"https:\\\/\\\/schema.org\",\"@graph\":[{\"@type\":\"WebPage\",\"@id\":\"https:\\\/\\\/www.santaeulaliaperfumes.com\\\/es\\\/legal-disclaimer\\\/\",\"url\":\"https:\\\/\\\/www.santaeulaliaperfumes.com\\\/es\\\/legal-disclaimer\\\/\",\"name\":\"Aviso legal\",\"isPartOf\":{\"@id\":\"https:\\\/\\\/www.santaeulaliaperfumes.com\\\/#website\"},\"datePublished\":\"2025-07-07T08:57:48+00:00\",\"dateModified\":\"2025-07-10T11:19:23+00:00\",\"breadcrumb\":{\"@id\":\"https:\\\/\\\/www.santaeulaliaperfumes.com\\\/es\\\/legal-disclaimer\\\/#breadcrumb\"},\"inLanguage\":\"es-ES\",\"potentialAction\":[{\"@type\":\"ReadAction\",\"target\":[\"https:\\\/\\\/www.santaeulaliaperfumes.com\\\/es\\\/legal-disclaimer\\\/\"]}]},{\"@type\":\"BreadcrumbList\",\"@id\":\"https:\\\/\\\/www.santaeulaliaperfumes.com\\\/es\\\/legal-disclaimer\\\/#breadcrumb\",\"itemListElement\":[{\"@type\":\"ListItem\",\"position\":1,\"name\":\"Portada\",\"item\":\"https:\\\/\\\/www.santaeulaliaperfumes.com\\\/es\\\/\"},{\"@type\":\"ListItem\",\"position\":2,\"name\":\"Aviso legal\"}]},{\"@type\":\"WebSite\",\"@id\":\"https:\\\/\\\/www.santaeulaliaperfumes.com\\\/#website\",\"url\":\"https:\\\/\\\/www.santaeulaliaperfumes.com\\\/\",\"name\":\"Santa Eulalia Perfumes\",\"description\":\"12 perfumes inspirados en la ciudad de Barcelona\",\"publisher\":{\"@id\":\"https:\\\/\\\/www.santaeulaliaperfumes.com\\\/#organization\"},\"alternateName\":\"Perfumes Santa Eulalia\",\"potentialAction\":[{\"@type\":\"SearchAction\",\"target\":{\"@type\":\"EntryPoint\",\"urlTemplate\":\"https:\\\/\\\/www.santaeulaliaperfumes.com\\\/?s={search_term_string}\"},\"query-input\":{\"@type\":\"PropertyValueSpecification\",\"valueRequired\":true,\"valueName\":\"search_term_string\"}}],\"inLanguage\":\"es-ES\"},{\"@type\":\"Organization\",\"@id\":\"https:\\\/\\\/www.santaeulaliaperfumes.com\\\/#organization\",\"name\":\"Santa Eulalia Perfumes\",\"alternateName\":\"Perfumes Santa Eulalia\",\"url\":\"https:\\\/\\\/www.santaeulaliaperfumes.com\\\/\",\"logo\":{\"@type\":\"ImageObject\",\"inLanguage\":\"es-ES\",\"@id\":\"https:\\\/\\\/www.santaeulaliaperfumes.com\\\/#\\\/schema\\\/logo\\\/image\\\/\",\"url\":\"https:\\\/\\\/www.santaeulaliaperfumes.com\\\/wp-content\\\/uploads\\\/2025\\\/06\\\/Logo.png\",\"contentUrl\":\"https:\\\/\\\/www.santaeulaliaperfumes.com\\\/wp-content\\\/uploads\\\/2025\\\/06\\\/Logo.png\",\"width\":526,\"height\":588,\"caption\":\"Santa Eulalia Perfumes\"},\"image\":{\"@id\":\"https:\\\/\\\/www.santaeulaliaperfumes.com\\\/#\\\/schema\\\/logo\\\/image\\\/\"},\"sameAs\":[\"https:\\\/\\\/www.facebook.com\\\/santaeulaliaperfumes\"]}]}<\/script>\n<!-- \/ Yoast SEO plugin. -->","yoast_head_json":{"title":"Aviso legal","robots":{"index":"index","follow":"follow","max-snippet":"max-snippet:-1","max-image-preview":"max-image-preview:large","max-video-preview":"max-video-preview:-1"},"canonical":"https:\/\/www.santaeulaliaperfumes.com\/es\/legal-disclaimer\/","og_locale":"es_ES","og_type":"article","og_title":"[:en]Legal disclaimer[:es]Aviso legal[:] | Santa Eulalia Perfumes","og_description":"PERFUMES SANTA EULALIA, S.L. (en adelante Responsables o el Prestador) cumple con los requisitos establecidos en la normativa actual sobre [&hellip;]","og_url":"https:\/\/www.santaeulaliaperfumes.com\/es\/legal-disclaimer\/","og_site_name":"Santa Eulalia Perfumes","article_publisher":"https:\/\/www.facebook.com\/santaeulaliaperfumes","article_modified_time":"2025-07-10T11:19:23+00:00","twitter_card":"summary_large_image","twitter_misc":{"Tiempo de lectura":"7 minutos"},"schema":{"@context":"https:\/\/schema.org","@graph":[{"@type":"WebPage","@id":"https:\/\/www.santaeulaliaperfumes.com\/es\/legal-disclaimer\/","url":"https:\/\/www.santaeulaliaperfumes.com\/es\/legal-disclaimer\/","name":"Aviso legal","isPartOf":{"@id":"https:\/\/www.santaeulaliaperfumes.com\/#website"},"datePublished":"2025-07-07T08:57:48+00:00","dateModified":"2025-07-10T11:19:23+00:00","breadcrumb":{"@id":"https:\/\/www.santaeulaliaperfumes.com\/es\/legal-disclaimer\/#breadcrumb"},"inLanguage":"es-ES","potentialAction":[{"@type":"ReadAction","target":["https:\/\/www.santaeulaliaperfumes.com\/es\/legal-disclaimer\/"]}]},{"@type":"BreadcrumbList","@id":"https:\/\/www.santaeulaliaperfumes.com\/es\/legal-disclaimer\/#breadcrumb","itemListElement":[{"@type":"ListItem","position":1,"name":"Portada","item":"https:\/\/www.santaeulaliaperfumes.com\/es\/"},{"@type":"ListItem","position":2,"name":"Aviso legal"}]},{"@type":"WebSite","@id":"https:\/\/www.santaeulaliaperfumes.com\/#website","url":"https:\/\/www.santaeulaliaperfumes.com\/","name":"Santa Eulalia Perfumes","description":"12 perfumes inspirados en la ciudad de Barcelona","publisher":{"@id":"https:\/\/www.santaeulaliaperfumes.com\/#organization"},"alternateName":"Perfumes Santa Eulalia","potentialAction":[{"@type":"SearchAction","target":{"@type":"EntryPoint","urlTemplate":"https:\/\/www.santaeulaliaperfumes.com\/?s={search_term_string}"},"query-input":{"@type":"PropertyValueSpecification","valueRequired":true,"valueName":"search_term_string"}}],"inLanguage":"es-ES"},{"@type":"Organization","@id":"https:\/\/www.santaeulaliaperfumes.com\/#organization","name":"Santa Eulalia Perfumes","alternateName":"Perfumes Santa Eulalia","url":"https:\/\/www.santaeulaliaperfumes.com\/","logo":{"@type":"ImageObject","inLanguage":"es-ES","@id":"https:\/\/www.santaeulaliaperfumes.com\/#\/schema\/logo\/image\/","url":"https:\/\/www.santaeulaliaperfumes.com\/wp-content\/uploads\/2025\/06\/Logo.png","contentUrl":"https:\/\/www.santaeulaliaperfumes.com\/wp-content\/uploads\/2025\/06\/Logo.png","width":526,"height":588,"caption":"Santa Eulalia Perfumes"},"image":{"@id":"https:\/\/www.santaeulaliaperfumes.com\/#\/schema\/logo\/image\/"},"sameAs":["https:\/\/www.facebook.com\/santaeulaliaperfumes"]}]}},"_links":{"self":[{"href":"https:\/\/www.santaeulaliaperfumes.com\/es\/wp-json\/wp\/v2\/pages\/1314","targetHints":{"allow":["GET"]}}],"collection":[{"href":"https:\/\/www.santaeulaliaperfumes.com\/es\/wp-json\/wp\/v2\/pages"}],"about":[{"href":"https:\/\/www.santaeulaliaperfumes.com\/es\/wp-json\/wp\/v2\/types\/page"}],"author":[{"embeddable":true,"href":"https:\/\/www.santaeulaliaperfumes.com\/es\/wp-json\/wp\/v2\/users\/1"}],"replies":[{"embeddable":true,"href":"https:\/\/www.santaeulaliaperfumes.com\/es\/wp-json\/wp\/v2\/comments?post=1314"}],"version-history":[{"count":14,"href":"https:\/\/www.santaeulaliaperfumes.com\/es\/wp-json\/wp\/v2\/pages\/1314\/revisions"}],"predecessor-version":[{"id":1836,"href":"https:\/\/www.santaeulaliaperfumes.com\/es\/wp-json\/wp\/v2\/pages\/1314\/revisions\/1836"}],"wp:attachment":[{"href":"https:\/\/www.santaeulaliaperfumes.com\/es\/wp-json\/wp\/v2\/media?parent=1314"}],"curies":[{"name":"wp","href":"https:\/\/api.w.org\/{rel}","templated":true}]}}