{"id":1715,"date":"2025-07-10T09:35:52","date_gmt":"2025-07-10T07:35:52","guid":{"rendered":"http:\/\/santaeulaliaperfumes.eulaliadom.local\/es\/?post_type=product&#038;p=1715"},"modified":"2025-09-10T19:16:15","modified_gmt":"2025-09-10T17:16:15","slug":"perfume-crocus-forte","status":"publish","type":"product","link":"https:\/\/www.santaeulaliaperfumes.com\/en\/producto\/perfume-crocus-forte\/","title":{"rendered":"New Crocus Forte, <span class=\"title-detail\">extrait de parfum<\/span>"},"content":{"rendered":"\t\t<div data-elementor-type=\"product-post\" data-elementor-id=\"1715\" class=\"elementor elementor-1715\" data-elementor-post-type=\"product\">\n\t\t\t\t<div role=\"region\" aria-labelledby=\"product-tab-first\" class=\"elementor-element elementor-element-1f09c796 e-flex e-con-boxed e-con e-parent\" data-id=\"1f09c796\" data-element_type=\"container\" data-e-type=\"container\">\n\t\t\t\t\t<div class=\"e-con-inner\">\n\t\t\t\t<div class=\"elementor-element elementor-element-64f38d4 elementor-widget elementor-widget-text-editor\" data-id=\"64f38d4\" data-element_type=\"widget\" data-e-type=\"widget\" data-widget_type=\"text-editor.default\">\n\t\t\t\t<div class=\"elementor-widget-container\">\n\t\t\t\t\t\t\t\t\t<p>[:en]<\/p><ul><li aria-level=\"1\">For optimal longevity, apply the perfume to freshly cleansed and moisturized skin using fragrance-free products. Hydration enhances the retention of olfactory notes.<\/li><li aria-level=\"1\">Spray on pulse points\u2014wrists, neck, behind the ears, and inner elbows\u2014where body heat helps diffuse the fragrance gradually.<\/li><li aria-level=\"1\">Avoid rubbing the perfumed areas, as this can alter the molecular structure and affect the scent\u2019s evolution.<\/li><li aria-level=\"1\">Hold the bottle 15\u201320 cm from the skin for an even, elegant distribution.<\/li><li aria-level=\"1\">It may be applied to fabrics with caution, avoiding delicate materials like silk or light-coloured garments. Due to its high concentration, the perfume may stain.<\/li><li aria-level=\"1\">Store the bottle in a cool, dry place away from direct light. Exposure to heat or humidity may compromise the fragrance\u2019s quality.<\/li><\/ul><p>\u00a0[:es]<\/p><ul><li aria-level=\"1\">Para una fijaci\u00f3n \u00f3ptima, aplique el perfume sobre la piel reci\u00e9n limpia e hidratada con productos sin fragancia. La hidrataci\u00f3n mejora la retenci\u00f3n de las notas olfativas.<\/li><li aria-level=\"1\">Pulverice en los puntos de pulso, mu\u00f1ecas, cuello, detr\u00e1s de las orejas y parte interna de los codos, donde el calor corporal favorece la difusi\u00f3n progresiva de la fragancia.<\/li><li aria-level=\"1\">No frote las zonas perfumadas, ya que esto puede alterar la estructura molecular del perfume y modificar su evoluci\u00f3n olfativa.<\/li><li aria-level=\"1\">Mantenga el frasco a unos 15\u201320 cm de la piel para una distribuci\u00f3n uniforme y elegante.<\/li><li aria-level=\"1\">Puede aplicarse sobre tejidos con precauci\u00f3n, evitando materiales delicados como la seda o colores claros.\u00a0 Debido a su alta concentraci\u00f3n, el perfume podr\u00eda manchar la prenda<\/li><li aria-level=\"1\">Guarde el frasco en un lugar fresco, seco y alejado de la luz directa. La exposici\u00f3n al calor o la humedad puede comprometer la calidad de la fragancia<\/li><\/ul><p>\u00a0[:]<\/p>\t\t\t\t\t\t\t\t<\/div>\n\t\t\t\t<\/div>\n\t\t\t\t\t<\/div>\n\t\t\t\t<\/div>\n\t\t<div role=\"region\" aria-labelledby=\"product-tab-first\" class=\"elementor-element elementor-element-e6b3128 e-flex e-con-boxed e-con e-parent\" data-id=\"e6b3128\" data-element_type=\"container\" data-e-type=\"container\">\n\t\t\t\t\t<div class=\"e-con-inner\">\n\t\t\t\t<div class=\"elementor-element elementor-element-409aabe elementor-widget elementor-widget-text-editor\" data-id=\"409aabe\" data-element_type=\"widget\" data-e-type=\"widget\" data-widget_type=\"text-editor.default\">\n\t\t\t\t<div class=\"elementor-widget-container\">\n\t\t\t\t\t\t\t\t\t<p>Lorem ipsum dolor sit amet, consectetur adipiscing elit. Ut elit tellus, luctus nec ullamcorper mattis, pulvinar dapibus leo.<\/p>\t\t\t\t\t\t\t\t<\/div>\n\t\t\t\t<\/div>\n\t\t\t\t\t<\/div>\n\t\t\t\t<\/div>\n\t\t<div role=\"region\" aria-labelledby=\"product-tab-first\" class=\"elementor-element elementor-element-7211bba e-flex e-con-boxed e-con e-parent\" data-id=\"7211bba\" data-element_type=\"container\" data-e-type=\"container\">\n\t\t\t\t\t<div class=\"e-con-inner\">\n\t\t\t\t<div class=\"elementor-element elementor-element-8afbc97 elementor-widget elementor-widget-text-editor\" data-id=\"8afbc97\" data-element_type=\"widget\" data-e-type=\"widget\" data-widget_type=\"text-editor.default\">\n\t\t\t\t<div class=\"elementor-widget-container\">\n\t\t\t\t\t\t\t\t\t<p>Lorem ipsum dolor sit amet, consectetur adipiscing elit. Ut elit tellus, luctus nec ullamcorper mattis, pulvinar dapibus leo.<\/p>\t\t\t\t\t\t\t\t<\/div>\n\t\t\t\t<\/div>\n\t\t\t\t\t<\/div>\n\t\t\t\t<\/div>\n\t\t<div role=\"region\" aria-labelledby=\"product-tab-first\" class=\"elementor-element elementor-element-1f1205c e-flex e-con-boxed e-con e-parent\" data-id=\"1f1205c\" data-element_type=\"container\" data-e-type=\"container\">\n\t\t\t\t\t<div class=\"e-con-inner\">\n\t\t\t\t<div class=\"elementor-element elementor-element-f9031ed elementor-widget elementor-widget-heading\" data-id=\"f9031ed\" data-element_type=\"widget\" data-e-type=\"widget\" data-widget_type=\"heading.default\">\n\t\t\t\t<div class=\"elementor-widget-container\">\n\t\t\t\t\t<h2 class=\"elementor-heading-title elementor-size-default\">A\u00f1ade aqu\u00ed tu texto de cabecera<\/h2>\t\t\t\t<\/div>\n\t\t\t\t<\/div>\n\t\t\t\t\t<\/div>\n\t\t\t\t<\/div>\n\t\t\t\t<\/div>\n\t\t","protected":false},"excerpt":{"rendered":"<p>The house\u2019s most intense and refined olfactory creation.<\/p>\n<p>The spicy splendor and soul of saffron, the red gold, inspire this sophisticated composition, which embodies the cosmopolitan spirit of Barcelona, where the spice trade wove history and identity.<\/p>\n<p>Crocus Forte elevates the spiced essence to its highest expression with a warm and refined fragrance. It opens with a vibrant blend of saffron, bergamot, and juniper, an introduction that is luminous and full of character. At the heart, ylang-ylang, patchouli, rum, and moss intertwine in a rich and elegant olfactory structure. The base, with vanilla, sandalwood, and clove, leaves a deep, creamy, and powerfully spiced trail, like an aromatic fire that lingers on the skin with intensity and character.<\/p>\n","protected":false},"featured_media":1664,"template":"","meta":{"_acf_changed":false,"inline_featured_image":false,"site-sidebar-layout":"default","site-content-layout":"","ast-site-content-layout":"default","site-content-style":"default","site-sidebar-style":"default","ast-global-header-display":"","ast-banner-title-visibility":"","ast-main-header-display":"","ast-hfb-above-header-display":"","ast-hfb-below-header-display":"","ast-hfb-mobile-header-display":"","site-post-title":"","ast-breadcrumbs-content":"","ast-featured-img":"","footer-sml-layout":"","ast-disable-related-posts":"","theme-transparent-header-meta":"default","adv-header-id-meta":"","stick-header-meta":"","header-above-stick-meta":"","header-main-stick-meta":"","header-below-stick-meta":"","astra-migrate-meta-layouts":"set","ast-page-background-enabled":"default","ast-page-background-meta":{"desktop":{"background-color":"var(--ast-global-color-5)","background-image":"","background-repeat":"repeat","background-position":"center center","background-size":"auto","background-attachment":"scroll","background-type":"","background-media":"","overlay-type":"","overlay-color":"","overlay-opacity":"","overlay-gradient":""},"tablet":{"background-color":"","background-image":"","background-repeat":"repeat","background-position":"center center","background-size":"auto","background-attachment":"scroll","background-type":"","background-media":"","overlay-type":"","overlay-color":"","overlay-opacity":"","overlay-gradient":""},"mobile":{"background-color":"","background-image":"","background-repeat":"repeat","background-position":"center center","background-size":"auto","background-attachment":"scroll","background-type":"","background-media":"","overlay-type":"","overlay-color":"","overlay-opacity":"","overlay-gradient":""}},"ast-content-background-meta":{"desktop":{"background-color":"var(--ast-global-color-4)","background-image":"","background-repeat":"repeat","background-position":"center center","background-size":"auto","background-attachment":"scroll","background-type":"","background-media":"","overlay-type":"","overlay-color":"","overlay-opacity":"","overlay-gradient":""},"tablet":{"background-color":"var(--ast-global-color-4)","background-image":"","background-repeat":"repeat","background-position":"center center","background-size":"auto","background-attachment":"scroll","background-type":"","background-media":"","overlay-type":"","overlay-color":"","overlay-opacity":"","overlay-gradient":""},"mobile":{"background-color":"var(--ast-global-color-4)","background-image":"","background-repeat":"repeat","background-position":"center center","background-size":"auto","background-attachment":"scroll","background-type":"","background-media":"","overlay-type":"","overlay-color":"","overlay-opacity":"","overlay-gradient":""}}},"product_brand":[],"product_cat":[15],"product_tag":[],"class_list":{"0":"post-1715","1":"product","2":"type-product","3":"status-publish","4":"has-post-thumbnail","6":"product_cat-fragances","7":"desktop-align-left","8":"tablet-align-left","9":"mobile-align-left","11":"first","12":"instock","13":"shipping-taxable","14":"purchasable","15":"product-type-simple"},"acf":[],"yoast_head":"<!-- This site is optimized with the Yoast SEO plugin v27.4 - https:\/\/yoast.com\/product\/yoast-seo-wordpress\/ -->\n<title>New Crocus Forte, extrait de parfum<\/title>\n<meta name=\"robots\" content=\"index, follow, max-snippet:-1, max-image-preview:large, max-video-preview:-1\" \/>\n<link rel=\"canonical\" href=\"https:\/\/www.santaeulaliaperfumes.com\/en\/producto\/perfume-crocus-forte\/\" \/>\n<meta property=\"og:locale\" content=\"en_US\" \/>\n<meta property=\"og:locale:alternate\" content=\"es_ES\" \/>\n<meta property=\"og:type\" content=\"article\" \/>\n<meta property=\"og:title\" content=\"New Crocus Forte, extrait de parfum\" \/>\n<meta property=\"og:description\" content=\"The house\u2019s most intense and refined olfactory creation.  The spicy splendor and soul of saffron, the red gold, inspire this sophisticated composition, which embodies the cosmopolitan spirit of Barcelona, where the spice trade wove history and identity.  Crocus Forte elevates the spiced essence to its highest expression with a warm and refined fragrance. It opens with a vibrant blend of saffron, bergamot, and juniper, an introduction that is luminous and full of character. At the heart, ylang-ylang, patchouli, rum, and moss intertwine in a rich and elegant olfactory structure. The base, with vanilla, sandalwood, and clove, leaves a deep, creamy, and powerfully spiced trail, like an aromatic fire that lingers on the skin with intensity and character.\" \/>\n<meta property=\"og:url\" content=\"https:\/\/www.santaeulaliaperfumes.com\/en\/producto\/perfume-crocus-forte\/\" \/>\n<meta property=\"og:site_name\" content=\"Santa Eulalia Perfumes\" \/>\n<meta property=\"article:publisher\" content=\"https:\/\/www.facebook.com\/santaeulaliaperfumes\" \/>\n<meta property=\"article:modified_time\" content=\"2025-09-10T17:16:15+00:00\" \/>\n<meta property=\"og:image\" content=\"https:\/\/www.santaeulaliaperfumes.com\/wp-content\/uploads\/2025\/07\/Santa-Eulialia-Perfumes-Crocus-Forte-Aereal.jpg\" \/>\n\t<meta property=\"og:image:width\" content=\"1200\" \/>\n\t<meta property=\"og:image:height\" content=\"2000\" \/>\n\t<meta property=\"og:image:type\" content=\"image\/jpeg\" \/>\n<meta name=\"twitter:card\" content=\"summary_large_image\" \/>\n<meta name=\"twitter:label1\" content=\"Est. reading time\" \/>\n\t<meta name=\"twitter:data1\" content=\"3 minutes\" \/>\n<script type=\"application\/ld+json\" class=\"yoast-schema-graph\">{\"@context\":\"https:\\\/\\\/schema.org\",\"@graph\":[{\"@type\":\"WebPage\",\"@id\":\"https:\\\/\\\/www.santaeulaliaperfumes.com\\\/en\\\/producto\\\/perfume-crocus-forte\\\/\",\"url\":\"https:\\\/\\\/www.santaeulaliaperfumes.com\\\/en\\\/producto\\\/perfume-crocus-forte\\\/\",\"name\":\"New Crocus Forte, extrait de parfum\",\"isPartOf\":{\"@id\":\"https:\\\/\\\/www.santaeulaliaperfumes.com\\\/#website\"},\"primaryImageOfPage\":{\"@id\":\"https:\\\/\\\/www.santaeulaliaperfumes.com\\\/en\\\/producto\\\/perfume-crocus-forte\\\/#primaryimage\"},\"image\":{\"@id\":\"https:\\\/\\\/www.santaeulaliaperfumes.com\\\/en\\\/producto\\\/perfume-crocus-forte\\\/#primaryimage\"},\"thumbnailUrl\":\"https:\\\/\\\/www.santaeulaliaperfumes.com\\\/wp-content\\\/uploads\\\/2025\\\/07\\\/Santa-Eulialia-Perfumes-Crocus-Forte-Aereal.jpg\",\"datePublished\":\"2025-07-10T07:35:52+00:00\",\"dateModified\":\"2025-09-10T17:16:15+00:00\",\"breadcrumb\":{\"@id\":\"https:\\\/\\\/www.santaeulaliaperfumes.com\\\/en\\\/producto\\\/perfume-crocus-forte\\\/#breadcrumb\"},\"inLanguage\":\"en-US\",\"potentialAction\":[{\"@type\":\"ReadAction\",\"target\":[\"https:\\\/\\\/www.santaeulaliaperfumes.com\\\/en\\\/producto\\\/perfume-crocus-forte\\\/\"]}]},{\"@type\":\"ImageObject\",\"inLanguage\":\"en-US\",\"@id\":\"https:\\\/\\\/www.santaeulaliaperfumes.com\\\/en\\\/producto\\\/perfume-crocus-forte\\\/#primaryimage\",\"url\":\"https:\\\/\\\/www.santaeulaliaperfumes.com\\\/wp-content\\\/uploads\\\/2025\\\/07\\\/Santa-Eulialia-Perfumes-Crocus-Forte-Aereal.jpg\",\"contentUrl\":\"https:\\\/\\\/www.santaeulaliaperfumes.com\\\/wp-content\\\/uploads\\\/2025\\\/07\\\/Santa-Eulialia-Perfumes-Crocus-Forte-Aereal.jpg\",\"width\":1200,\"height\":2000},{\"@type\":\"BreadcrumbList\",\"@id\":\"https:\\\/\\\/www.santaeulaliaperfumes.com\\\/en\\\/producto\\\/perfume-crocus-forte\\\/#breadcrumb\",\"itemListElement\":[{\"@type\":\"ListItem\",\"position\":1,\"name\":\"Portada\",\"item\":\"https:\\\/\\\/www.santaeulaliaperfumes.com\\\/es\\\/\"},{\"@type\":\"ListItem\",\"position\":2,\"name\":\"Tienda\",\"item\":\"https:\\\/\\\/www.santaeulaliaperfumes.com\\\/en\\\/tienda\\\/\"},{\"@type\":\"ListItem\",\"position\":3,\"name\":\"New Crocus Forte, extrait de parfum\"}]},{\"@type\":\"WebSite\",\"@id\":\"https:\\\/\\\/www.santaeulaliaperfumes.com\\\/#website\",\"url\":\"https:\\\/\\\/www.santaeulaliaperfumes.com\\\/\",\"name\":\"Santa Eulalia Perfumes\",\"description\":\"12 perfumes inspirados en la ciudad de Barcelona\",\"publisher\":{\"@id\":\"https:\\\/\\\/www.santaeulaliaperfumes.com\\\/#organization\"},\"alternateName\":\"Perfumes Santa Eulalia\",\"potentialAction\":[{\"@type\":\"SearchAction\",\"target\":{\"@type\":\"EntryPoint\",\"urlTemplate\":\"https:\\\/\\\/www.santaeulaliaperfumes.com\\\/?s={search_term_string}\"},\"query-input\":{\"@type\":\"PropertyValueSpecification\",\"valueRequired\":true,\"valueName\":\"search_term_string\"}}],\"inLanguage\":\"en-US\"},{\"@type\":\"Organization\",\"@id\":\"https:\\\/\\\/www.santaeulaliaperfumes.com\\\/#organization\",\"name\":\"Santa Eulalia Perfumes\",\"alternateName\":\"Perfumes Santa Eulalia\",\"url\":\"https:\\\/\\\/www.santaeulaliaperfumes.com\\\/\",\"logo\":{\"@type\":\"ImageObject\",\"inLanguage\":\"en-US\",\"@id\":\"https:\\\/\\\/www.santaeulaliaperfumes.com\\\/#\\\/schema\\\/logo\\\/image\\\/\",\"url\":\"https:\\\/\\\/www.santaeulaliaperfumes.com\\\/wp-content\\\/uploads\\\/2025\\\/06\\\/Logo.png\",\"contentUrl\":\"https:\\\/\\\/www.santaeulaliaperfumes.com\\\/wp-content\\\/uploads\\\/2025\\\/06\\\/Logo.png\",\"width\":526,\"height\":588,\"caption\":\"Santa Eulalia Perfumes\"},\"image\":{\"@id\":\"https:\\\/\\\/www.santaeulaliaperfumes.com\\\/#\\\/schema\\\/logo\\\/image\\\/\"},\"sameAs\":[\"https:\\\/\\\/www.facebook.com\\\/santaeulaliaperfumes\"]}]}<\/script>\n<!-- \/ Yoast SEO plugin. -->","yoast_head_json":{"title":"New Crocus Forte, extrait de parfum","robots":{"index":"index","follow":"follow","max-snippet":"max-snippet:-1","max-image-preview":"max-image-preview:large","max-video-preview":"max-video-preview:-1"},"canonical":"https:\/\/www.santaeulaliaperfumes.com\/en\/producto\/perfume-crocus-forte\/","og_locale":"en_US","og_type":"article","og_title":"[:en]New Crocus Forte, extrait de parfum[:es]Nuevo Crocus Forte, extrait de parfum[:] | Santa Eulalia Perfumes","og_description":"The house\u2019s most intense and refined olfactory creation.  The spicy splendor and soul of saffron, the red gold, inspire this sophisticated composition, which embodies the cosmopolitan spirit of Barcelona, where the spice trade wove history and identity.  Crocus Forte elevates the spiced essence to its highest expression with a warm and refined fragrance. It opens with a vibrant blend of saffron, bergamot, and juniper, an introduction that is luminous and full of character. At the heart, ylang-ylang, patchouli, rum, and moss intertwine in a rich and elegant olfactory structure. The base, with vanilla, sandalwood, and clove, leaves a deep, creamy, and powerfully spiced trail, like an aromatic fire that lingers on the skin with intensity and character.","og_url":"https:\/\/www.santaeulaliaperfumes.com\/en\/producto\/perfume-crocus-forte\/","og_site_name":"Santa Eulalia Perfumes","article_publisher":"https:\/\/www.facebook.com\/santaeulaliaperfumes","article_modified_time":"2025-09-10T17:16:15+00:00","og_image":[{"width":1200,"height":2000,"url":"https:\/\/www.santaeulaliaperfumes.com\/wp-content\/uploads\/2025\/07\/Santa-Eulialia-Perfumes-Crocus-Forte-Aereal.jpg","type":"image\/jpeg"}],"twitter_card":"summary_large_image","twitter_misc":{"Est. reading time":"3 minutes"},"schema":{"@context":"https:\/\/schema.org","@graph":[{"@type":"WebPage","@id":"https:\/\/www.santaeulaliaperfumes.com\/en\/producto\/perfume-crocus-forte\/","url":"https:\/\/www.santaeulaliaperfumes.com\/en\/producto\/perfume-crocus-forte\/","name":"New Crocus Forte, extrait de parfum","isPartOf":{"@id":"https:\/\/www.santaeulaliaperfumes.com\/#website"},"primaryImageOfPage":{"@id":"https:\/\/www.santaeulaliaperfumes.com\/en\/producto\/perfume-crocus-forte\/#primaryimage"},"image":{"@id":"https:\/\/www.santaeulaliaperfumes.com\/en\/producto\/perfume-crocus-forte\/#primaryimage"},"thumbnailUrl":"https:\/\/www.santaeulaliaperfumes.com\/wp-content\/uploads\/2025\/07\/Santa-Eulialia-Perfumes-Crocus-Forte-Aereal.jpg","datePublished":"2025-07-10T07:35:52+00:00","dateModified":"2025-09-10T17:16:15+00:00","breadcrumb":{"@id":"https:\/\/www.santaeulaliaperfumes.com\/en\/producto\/perfume-crocus-forte\/#breadcrumb"},"inLanguage":"en-US","potentialAction":[{"@type":"ReadAction","target":["https:\/\/www.santaeulaliaperfumes.com\/en\/producto\/perfume-crocus-forte\/"]}]},{"@type":"ImageObject","inLanguage":"en-US","@id":"https:\/\/www.santaeulaliaperfumes.com\/en\/producto\/perfume-crocus-forte\/#primaryimage","url":"https:\/\/www.santaeulaliaperfumes.com\/wp-content\/uploads\/2025\/07\/Santa-Eulialia-Perfumes-Crocus-Forte-Aereal.jpg","contentUrl":"https:\/\/www.santaeulaliaperfumes.com\/wp-content\/uploads\/2025\/07\/Santa-Eulialia-Perfumes-Crocus-Forte-Aereal.jpg","width":1200,"height":2000},{"@type":"BreadcrumbList","@id":"https:\/\/www.santaeulaliaperfumes.com\/en\/producto\/perfume-crocus-forte\/#breadcrumb","itemListElement":[{"@type":"ListItem","position":1,"name":"Portada","item":"https:\/\/www.santaeulaliaperfumes.com\/es\/"},{"@type":"ListItem","position":2,"name":"Tienda","item":"https:\/\/www.santaeulaliaperfumes.com\/en\/tienda\/"},{"@type":"ListItem","position":3,"name":"New Crocus Forte, extrait de parfum"}]},{"@type":"WebSite","@id":"https:\/\/www.santaeulaliaperfumes.com\/#website","url":"https:\/\/www.santaeulaliaperfumes.com\/","name":"Santa Eulalia Perfumes","description":"12 perfumes inspirados en la ciudad de Barcelona","publisher":{"@id":"https:\/\/www.santaeulaliaperfumes.com\/#organization"},"alternateName":"Perfumes Santa Eulalia","potentialAction":[{"@type":"SearchAction","target":{"@type":"EntryPoint","urlTemplate":"https:\/\/www.santaeulaliaperfumes.com\/?s={search_term_string}"},"query-input":{"@type":"PropertyValueSpecification","valueRequired":true,"valueName":"search_term_string"}}],"inLanguage":"en-US"},{"@type":"Organization","@id":"https:\/\/www.santaeulaliaperfumes.com\/#organization","name":"Santa Eulalia Perfumes","alternateName":"Perfumes Santa Eulalia","url":"https:\/\/www.santaeulaliaperfumes.com\/","logo":{"@type":"ImageObject","inLanguage":"en-US","@id":"https:\/\/www.santaeulaliaperfumes.com\/#\/schema\/logo\/image\/","url":"https:\/\/www.santaeulaliaperfumes.com\/wp-content\/uploads\/2025\/06\/Logo.png","contentUrl":"https:\/\/www.santaeulaliaperfumes.com\/wp-content\/uploads\/2025\/06\/Logo.png","width":526,"height":588,"caption":"Santa Eulalia Perfumes"},"image":{"@id":"https:\/\/www.santaeulaliaperfumes.com\/#\/schema\/logo\/image\/"},"sameAs":["https:\/\/www.facebook.com\/santaeulaliaperfumes"]}]}},"_links":{"self":[{"href":"https:\/\/www.santaeulaliaperfumes.com\/en\/wp-json\/wp\/v2\/product\/1715","targetHints":{"allow":["GET"]}}],"collection":[{"href":"https:\/\/www.santaeulaliaperfumes.com\/en\/wp-json\/wp\/v2\/product"}],"about":[{"href":"https:\/\/www.santaeulaliaperfumes.com\/en\/wp-json\/wp\/v2\/types\/product"}],"version-history":[{"count":27,"href":"https:\/\/www.santaeulaliaperfumes.com\/en\/wp-json\/wp\/v2\/product\/1715\/revisions"}],"predecessor-version":[{"id":4928,"href":"https:\/\/www.santaeulaliaperfumes.com\/en\/wp-json\/wp\/v2\/product\/1715\/revisions\/4928"}],"wp:featuredmedia":[{"embeddable":true,"href":"https:\/\/www.santaeulaliaperfumes.com\/en\/wp-json\/wp\/v2\/media\/1664"}],"wp:attachment":[{"href":"https:\/\/www.santaeulaliaperfumes.com\/en\/wp-json\/wp\/v2\/media?parent=1715"}],"wp:term":[{"taxonomy":"product_brand","embeddable":true,"href":"https:\/\/www.santaeulaliaperfumes.com\/en\/wp-json\/wp\/v2\/product_brand?post=1715"},{"taxonomy":"product_cat","embeddable":true,"href":"https:\/\/www.santaeulaliaperfumes.com\/en\/wp-json\/wp\/v2\/product_cat?post=1715"},{"taxonomy":"product_tag","embeddable":true,"href":"https:\/\/www.santaeulaliaperfumes.com\/en\/wp-json\/wp\/v2\/product_tag?post=1715"}],"curies":[{"name":"wp","href":"https:\/\/api.w.org\/{rel}","templated":true}]}}